{"id":4450,"date":"2026-02-05T15:22:55","date_gmt":"2026-02-05T15:22:55","guid":{"rendered":""},"modified":"2026-04-18T17:55:26","modified_gmt":"2026-04-18T15:55:26","slug":"silver-shungite-pendant-fr","status":"publish","type":"product","link":"https:\/\/servcrmpro.online\/fr\/produit\/silver-shungite-pendant-fr\/","title":{"rendered":"Pendentif en argent et shungite"},"content":{"rendered":"<h2><strong>Pendentif en argent et shungite\u00a0<\/strong><\/h2>\n<p><strong>Une protection sup\u00e9rieure alli\u00e9e \u00e0 une beaut\u00e9 sublime.<\/strong><\/p>\n<p>L&#x27;association de l&#x27;argent et de la shungite cr\u00e9e une \u00e9nergie apaisante et protectrice. La shungite offre une protection sup\u00e9rieure contre les rayonnements \u00e9lectromagn\u00e9tiques nocifs.<\/p>\n<p>Tous nos pendentifs en orgonite renforcent votre champ bio\u00e9nerg\u00e9tique (aura) \u2013 cela vous aidera \u00e0 lutter contre les maladies et la n\u00e9gativit\u00e9 qui s&#x27;immiscent dans votre vie.<\/p>\n<p>Ils revitalisent votre corps \u2013 toute maladie ou tout trouble d\u00e9j\u00e0 pr\u00e9sent peut \u00eatre \u00e9limin\u00e9.<\/p>\n<h3>Ingr\u00e9dients :<\/h3>\n<p><strong>M\u00e9lange d&#x27;orgonite :<\/strong> revitalise et dynamise le champ \u00e9nerg\u00e9tique, neutralise les champs \u00e9lectromagn\u00e9tiques et les radiations<\/p>\n<p><strong>Shungite :<\/strong> protection sup\u00e9rieure contre les champs \u00e9lectromagn\u00e9tiques, protection psychique, ancrage, purification et nettoyage, apaisement et relaxation<\/p>\n<p><strong>Limaille d&#x27;argent et feuille d&#x27;argent :<\/strong> propri\u00e9t\u00e9s antibact\u00e9riennes, antivirales et antifongiques, puissant purificateur, apaisant et favorisant la gu\u00e9rison, refl\u00e8te la n\u00e9gativit\u00e9 de la personne qui le porte, amplifie les qualit\u00e9s des autres pierres pr\u00e9cieuses<\/p>\n<p><strong>Tourmaline noire :<\/strong> talisman de protection, prot\u00e8ge contre les radiations et la pollution environnementale, ancrage et apaisement<\/p>\n<p><strong>Galenite :<\/strong> neutralise les effets des champs \u00e9lectromagn\u00e9tiques, aide \u00e0 la transformation personnelle, renforce le pouvoir personnel, apporte du courage dans les moments difficiles<\/p>\n<p><strong>Quartz fum\u00e9 : <\/strong>favorise la force physique et mentale ainsi que la r\u00e9silience, en particulier contre les radiations. Aide \u00e0 gu\u00e9rir les dommages caus\u00e9s par les radiations.<\/p>\n<p><strong>Quartz rose : <\/strong>pierre de l&#x27;amour inconditionnel, de la paix, du calme et de la bienveillance. Apaise, r\u00e9duit le stress et les tensions, favorise la bienveillance.<\/p>\n<p><strong>Am\u00e9thyste : <\/strong>pierre de la croissance spirituelle, am\u00e9liore la sant\u00e9 \u00e0 bien des \u00e9gards, prot\u00e8ge contre l&#x27;anxi\u00e9t\u00e9, les radiations terrestres et les \u00e9nergies \u00e9trang\u00e8res<\/p>\n<p><strong>Mica :<\/strong> prot\u00e8ge et fait \u00e9cran, apporte clart\u00e9 et souplesse.<\/p>\n<p>La magnifique incrustation \u00ab Arbre de vie \u00bb et un double cordon en daim noir en font un accessoire magnifique, m\u00eame pour les occasions formelles.<\/p>\n<p>Dimensions : \u00e9paisseur &#8211; 10 mm, diam\u00e8tre &#8211; 50 mm<br \/>(Ce produit est fait main et le produit final peut pr\u00e9senter de l\u00e9g\u00e8res variations)<\/p>\n","protected":false},"excerpt":{"rendered":"<h2><strong>Pendentif en argent et shungite <\/strong><\/h2>\n<p><strong>Protection sup\u00e9rieure combin\u00e9e \u00e0 une beaut\u00e9 sublime.<\/strong><\/p>\n<p>La combinaison &#8230;<\/p>\n","protected":false},"featured_media":671,"comment_status":"open","ping_status":"closed","template":"","meta":{"_acf_changed":false},"product_brand":[],"product_cat":[102],"product_tag":[],"class_list":{"0":"post-4450","1":"product","2":"type-product","3":"status-publish","4":"has-post-thumbnail","6":"product_cat-orgone-energy-pendants","7":"sales-flash-overlay","8":"woocommerce-text-align-center","9":"woocommerce-image-align-center","10":"do-quantity-buttons","12":"first","13":"instock","14":"taxable","15":"shipping-taxable","16":"purchasable","17":"product-type-simple"},"acf":[],"_links":{"self":[{"href":"https:\/\/servcrmpro.online\/fr\/wp-json\/wp\/v2\/product\/4450","targetHints":{"allow":["GET"]}}],"collection":[{"href":"https:\/\/servcrmpro.online\/fr\/wp-json\/wp\/v2\/product"}],"about":[{"href":"https:\/\/servcrmpro.online\/fr\/wp-json\/wp\/v2\/types\/product"}],"replies":[{"embeddable":true,"href":"https:\/\/servcrmpro.online\/fr\/wp-json\/wp\/v2\/comments?post=4450"}],"wp:featuredmedia":[{"embeddable":true,"href":"https:\/\/servcrmpro.online\/fr\/wp-json\/wp\/v2\/media\/671"}],"wp:attachment":[{"href":"https:\/\/servcrmpro.online\/fr\/wp-json\/wp\/v2\/media?parent=4450"}],"wp:term":[{"taxonomy":"product_brand","embeddable":true,"href":"https:\/\/servcrmpro.online\/fr\/wp-json\/wp\/v2\/product_brand?post=4450"},{"taxonomy":"product_cat","embeddable":true,"href":"https:\/\/servcrmpro.online\/fr\/wp-json\/wp\/v2\/product_cat?post=4450"},{"taxonomy":"product_tag","embeddable":true,"href":"https:\/\/servcrmpro.online\/fr\/wp-json\/wp\/v2\/product_tag?post=4450"}],"curies":[{"name":"wp","href":"https:\/\/api.w.org\/{rel}","templated":true}]}}