{"id":4453,"date":"2026-02-05T15:23:19","date_gmt":"2026-02-05T15:23:19","guid":{"rendered":""},"modified":"2026-04-14T00:50:56","modified_gmt":"2026-04-13T22:50:56","slug":"standard-orgonite-hhg-fr","status":"publish","type":"product","link":"https:\/\/servcrmpro.online\/fr\/produit\/standard-orgonite-hhg-fr\/","title":{"rendered":"Orgonite HHG"},"content":{"rendered":"<h1>G\u00e9n\u00e9rateur d&#x27;orgone en forme de c\u00f4ne<\/h1>\n<p>Le HHG est l&#x27;un des outils classiques en orgonite d\u00e9velopp\u00e9s par le pionnier Don Croft pour neutraliser les grands r\u00e9seaux d&#x27;antennes-relais de t\u00e9l\u00e9phonie mobile et autres g\u00e9n\u00e9rateurs de champs \u00e9lectromagn\u00e9tiques (CEM) et HAARP. Ce g\u00e9n\u00e9rateur d&#x27;orgone personnel aura une influence b\u00e9n\u00e9fique sur votre maison (ou appartement) et votre jardin, ainsi que sur les environs.<\/p>\n<p>Des personnes sensibles \u00e0 l&#x27;\u00e9nergie ont attribu\u00e9 \u00e0 ce mod\u00e8le un rayon d&#x27;action d&#x27;au moins 500 m.<\/p>\n<p>Toutes nos pyramides d&#x27;orgonite et nos HHG contiennent 5 pointes de cristal de quartz. Celles-ci sont plac\u00e9es \u00e0 l&#x27;extr\u00e9mit\u00e9 du HHG et \u00e0 sa base, pointant dans les 4 directions. Les pointes naturelles des cristaux contribuent \u00e0 cr\u00e9er un champ d&#x27;\u00e9nergie orgonique beaucoup plus puissant, compar\u00e9 aux fragments de quartz que nous utilisons dans nos Towerbusters ou nos pendentifs (qui cr\u00e9ent un champ d&#x27;\u00e9nergie plus diffus).<\/p>\n<p>Les pyramides et les HHG ont ainsi un flux d&#x27;\u00e9nergie beaucoup plus puissant et mieux dirig\u00e9, ainsi qu&#x27;un rayon d&#x27;action plus large. Les m\u00e9diums et les personnes sensibles \u00e0 l&#x27;\u00e9nergie observent souvent un faisceau d&#x27;\u00e9nergie sortant du sommet de la pyramide ou du HHG ; la plupart des gens peuvent le ressentir en passant leur main dans l&#x27;air au-dessus du HHG, et le d\u00e9crivent comme une sensation de chaleur ou de picotement, ou une pression sur la paume de la main.<\/p>\n<p>Le HHG neutralise les \u00e9nergies n\u00e9gatives provenant des \u00e9metteurs de t\u00e9l\u00e9phonie mobile (micro-ondes) ou des lignes \u00e9lectriques dans ce rayon d&#x27;influence. Le r\u00e9seau d&#x27;\u00e9metteurs ci-dessous, \u00e0 Tororo, en Ouganda, a re\u00e7u en don deux HHG standard \u00e0 une distance d&#x27;environ 2 km, et pourtant nous avons r\u00e9ussi \u00e0 d\u00e9bloquer ce fantastique vortex d&#x27;orgone dans les nuages au-dessus du sommet de la montagne :<\/p>\n<p>Des sourciers ont rapport\u00e9 la neutralisation de veines d&#x27;eau n\u00e9gatives et d&#x27;autres stress g\u00e9opathiques gr\u00e2ce \u00e0 l&#x27;application d&#x27;un seul HHG dans une maison.<\/p>\n<p>Les Holy Handgrenades sont un cadeau id\u00e9al pour vos amis et vos proches : nous n&#x27;avons jamais rencontr\u00e9 quelqu&#x27;un qui n&#x27;ait pas \u00e9t\u00e9 ravi d&#x27;en recevoir une. J&#x27;ai compl\u00e8tement remplac\u00e9 la bouteille de vin, autrefois incontournable comme cadeau de f\u00eate, par ces petits objets. Diffusons de bonnes \u00e9nergies !<\/p>\n<p>Dimensions : hauteur &#8211; 110 mm, diam\u00e8tre &#8211; 100 mm<br \/>(Ce produit est fait main et le produit final peut pr\u00e9senter de l\u00e9g\u00e8res variations)<\/p>\n","protected":false},"excerpt":{"rendered":"<p>G\u00e9n\u00e9rateur d\u2019orgone classique en forme de c\u00f4ne.<\/p>\n<p>Le HHG est l\u2019un des outils classiques en orgonite d\u00e9velopp\u00e9s par le pionnier Don Croft pour offrir (neutraliser) le lar&#8230;<\/p>\n","protected":false},"featured_media":682,"comment_status":"open","ping_status":"closed","template":"","meta":{"_acf_changed":false},"product_brand":[],"product_cat":[70],"product_tag":[],"class_list":{"0":"post-4453","1":"product","2":"type-product","3":"status-publish","4":"has-post-thumbnail","6":"product_cat-tactical-orgonite","7":"sales-flash-overlay","8":"woocommerce-text-align-center","9":"woocommerce-image-align-center","10":"do-quantity-buttons","12":"first","13":"instock","14":"sale","15":"taxable","16":"shipping-taxable","17":"purchasable","18":"product-type-simple"},"acf":[],"_links":{"self":[{"href":"https:\/\/servcrmpro.online\/fr\/wp-json\/wp\/v2\/product\/4453","targetHints":{"allow":["GET"]}}],"collection":[{"href":"https:\/\/servcrmpro.online\/fr\/wp-json\/wp\/v2\/product"}],"about":[{"href":"https:\/\/servcrmpro.online\/fr\/wp-json\/wp\/v2\/types\/product"}],"replies":[{"embeddable":true,"href":"https:\/\/servcrmpro.online\/fr\/wp-json\/wp\/v2\/comments?post=4453"}],"wp:featuredmedia":[{"embeddable":true,"href":"https:\/\/servcrmpro.online\/fr\/wp-json\/wp\/v2\/media\/682"}],"wp:attachment":[{"href":"https:\/\/servcrmpro.online\/fr\/wp-json\/wp\/v2\/media?parent=4453"}],"wp:term":[{"taxonomy":"product_brand","embeddable":true,"href":"https:\/\/servcrmpro.online\/fr\/wp-json\/wp\/v2\/product_brand?post=4453"},{"taxonomy":"product_cat","embeddable":true,"href":"https:\/\/servcrmpro.online\/fr\/wp-json\/wp\/v2\/product_cat?post=4453"},{"taxonomy":"product_tag","embeddable":true,"href":"https:\/\/servcrmpro.online\/fr\/wp-json\/wp\/v2\/product_tag?post=4453"}],"curies":[{"name":"wp","href":"https:\/\/api.w.org\/{rel}","templated":true}]}}