{"id":4456,"date":"2026-02-05T15:23:23","date_gmt":"2026-02-05T15:23:23","guid":{"rendered":""},"modified":"2026-04-06T07:31:52","modified_gmt":"2026-04-06T05:31:52","slug":"moneyfest-bundle-fr","status":"publish","type":"product","link":"https:\/\/servcrmpro.online\/fr\/produit\/moneyfest-bundle-fr\/","title":{"rendered":"Moneyfest Bundle"},"content":{"rendered":"<p>Ce superbe lot d&#x27;attracteurs vous permettra d&#x27;attirer l&#x27;argent comme jamais auparavant. Emportez l&#x27;un de ces blocs avec vous, emportez-en un au travail. Placez-le sur tout document li\u00e9 \u00e0 votre situation financi\u00e8re : contrats, relev\u00e9s bancaires, relev\u00e9s de portefeuille d&#x27;actions, une photo de vous-m\u00eame. L&#x27;orgonite favorise g\u00e9n\u00e9ralement le flux d&#x27;abondance, mais nous y avons d\u00e9sormais ajout\u00e9 de l&#x27;argent r\u00e9el, en signe de l&#x27;abondance financi\u00e8re qui s&#x27;appr\u00eate \u00e0 entrer dans votre vie. \u00a0<\/p>\n","protected":false},"excerpt":{"rendered":"<p>Ce pack attractif attractif vous permet de profiter de l\u2019argent comme jamais auparavant. Prends une des briques avec toi, emm\u00e8ne-en une au travail. Placez-le sur tout document p&#8230;<\/p>\n","protected":false},"featured_media":684,"comment_status":"open","ping_status":"closed","template":"","meta":{"_acf_changed":false},"product_brand":[],"product_cat":[48,107],"product_tag":[],"class_list":{"0":"post-4456","1":"product","2":"type-product","3":"status-publish","4":"has-post-thumbnail","6":"product_cat-bundles-kits","7":"product_cat-orgonite-gifts","8":"sales-flash-overlay","9":"woocommerce-text-align-center","10":"woocommerce-image-align-center","11":"do-quantity-buttons","13":"first","14":"instock","15":"taxable","16":"shipping-taxable","17":"purchasable","18":"product-type-simple"},"acf":[],"_links":{"self":[{"href":"https:\/\/servcrmpro.online\/fr\/wp-json\/wp\/v2\/product\/4456","targetHints":{"allow":["GET"]}}],"collection":[{"href":"https:\/\/servcrmpro.online\/fr\/wp-json\/wp\/v2\/product"}],"about":[{"href":"https:\/\/servcrmpro.online\/fr\/wp-json\/wp\/v2\/types\/product"}],"replies":[{"embeddable":true,"href":"https:\/\/servcrmpro.online\/fr\/wp-json\/wp\/v2\/comments?post=4456"}],"wp:featuredmedia":[{"embeddable":true,"href":"https:\/\/servcrmpro.online\/fr\/wp-json\/wp\/v2\/media\/684"}],"wp:attachment":[{"href":"https:\/\/servcrmpro.online\/fr\/wp-json\/wp\/v2\/media?parent=4456"}],"wp:term":[{"taxonomy":"product_brand","embeddable":true,"href":"https:\/\/servcrmpro.online\/fr\/wp-json\/wp\/v2\/product_brand?post=4456"},{"taxonomy":"product_cat","embeddable":true,"href":"https:\/\/servcrmpro.online\/fr\/wp-json\/wp\/v2\/product_cat?post=4456"},{"taxonomy":"product_tag","embeddable":true,"href":"https:\/\/servcrmpro.online\/fr\/wp-json\/wp\/v2\/product_tag?post=4456"}],"curies":[{"name":"wp","href":"https:\/\/api.w.org\/{rel}","templated":true}]}}