{"id":4459,"date":"2026-02-05T15:23:27","date_gmt":"2026-02-05T15:23:27","guid":{"rendered":""},"modified":"2026-04-21T20:22:52","modified_gmt":"2026-04-21T18:22:52","slug":"orgonite-dodec-5th-element-fr","status":"publish","type":"product","link":"https:\/\/servcrmpro.online\/fr\/produit\/orgonite-dodec-5th-element-fr\/","title":{"rendered":"Orgonite dod\u00e9ca\u00e8dre"},"content":{"rendered":"<h1>Orgonite dod\u00e9ca\u00e8dre<\/h1>\n<p>La protection ultime pour votre maison et votre champ d&rsquo;\u00e9nergie personnel\u00a0<\/p>\n<h2>Le cinqui\u00e8me \u00e9l\u00e9ment = \u00e9ther<\/h2>\n<p>Le dod\u00e9ca\u00e8dre est le quatri\u00e8me des cinq solides de Platon, des corps g\u00e9om\u00e9triques primaires dont les surfaces \u00e9gales sont compos\u00e9es de lignes de longueur d&rsquo;ar\u00eate \u00e9gale.<\/p>\n<p><img loading=\"lazy\" decoding=\"async\" title=\"5 Platonic Solids\" src=\"https:\/\/www.technologyuk.net\/mathematics\/geometry\/images\/geometry_0185.gif\" alt=\"5 Platonic Solids\" width=\"700\" height=\"180\" \/><\/p>\n<p>Dans la philosophie de Platon, dont les racines remontent probablement aux myst\u00e8res \u00e9gyptiens, ces solides \u00e9taient chacun associ\u00e9s \u00e0 un \u00e9l\u00e9ment.<\/p>\n<p>Il est int\u00e9ressant de noter que le dod\u00e9ca\u00e8dre \u00e9tait associ\u00e9 au cinqui\u00e8me \u00e9l\u00e9ment, l&rsquo;\u00e9ther, que nous connaissons sous le nom d&rsquo;orgone.<\/p>\n<p>(Platon &#8211; Dialogue avec Timmaeus, vers 360 av. J.-C.)<\/p>\n<p>Nous utilisons des visualisations du dod\u00e9ca\u00e8dre pour la protection \u00e9th\u00e9rique et pour neutraliser les \u00eatres \u00e9th\u00e9riques n\u00e9gatifs et les formes de pens\u00e9es.<\/p>\n<p>En plus de sa beaut\u00e9 en tant qu&rsquo;objet d&rsquo;art dans votre espace, la forme du dod\u00e9ca\u00e8dre maximise l&rsquo;aspect de protection \u00e9th\u00e9rique de l&rsquo;orgonite.<\/p>\n<p>Friederike a r\u00e9solu ing\u00e9nieusement le probl\u00e8me de la fabrication d&rsquo;une pointe de cristal dans chaque coin (vertex) du dod\u00e9ca\u00e8dre fini :<\/p>\n<p>Elle fabrique d&rsquo;abord une petite boule d&rsquo;orgonite dans laquelle tous les cristaux sont mont\u00e9s dans la bonne position<\/p>\n<p><img loading=\"lazy\" decoding=\"async\" src=\"http:\/\/www.orgoniseafrica.com\/images\/080430-orgonvirus.jpg\" alt=\"The Orgone core\" width=\"300\" height=\"300\" \/><\/p>\n<p>C&rsquo;est le coeur du r\u00e9acteur \u00e0 orgonite concentr\u00e9e<\/p>\n<p>L&rsquo;\u0153uvre d&rsquo;art de science-fiction est ensuite suspendue dans la bonne position dans le moule Dodek, qui est ensuite rempli d&rsquo;orgonite en feuille d&rsquo;or, ce qui nous donne un fini semi-transparent pr\u00e9cieusement \u00e9tincelant.<\/p>\n<p><img loading=\"lazy\" decoding=\"async\" src=\"http:\/\/www.orgoniseafrica.com\/images\/080430-Dodek.jpg\" alt=\"\" width=\"300\" height=\"300\" \/><\/p>\n<p>Le dod\u00e9ca\u00e8dre fini<\/p>\n<p>diam\u00e8tre d&rsquo;environ 90mm<\/p>\n<p><em>*Toutes les dimensions correspondent approximativement &#8211; le produit est fait \u00e0 la main &#8211; le produit final peut diff\u00e9rer de la photo*<\/em><\/p>\n<p>\u00a0<\/p>\n","protected":false},"excerpt":{"rendered":"<h1>Dod\u00e9ca\u00e8dre \u00e0 l\u2019orgonite<\/h1>\n<p>La protection ultime contre l\u2019Orgonite pour votre maison et votre espace personnel<\/p>\n<h2>Le cinqui\u00e8me \u00e9l\u00e9ment = \u00e9ther<\/h2>\n<p>La dode&#8230;<\/p>\n","protected":false},"featured_media":686,"comment_status":"open","ping_status":"closed","template":"","meta":{"_acf_changed":false},"product_brand":[],"product_cat":[149],"product_tag":[],"class_list":{"0":"post-4459","1":"product","2":"type-product","3":"status-publish","4":"has-post-thumbnail","6":"product_cat-orgonite-tactique-fr","7":"sales-flash-overlay","8":"woocommerce-text-align-center","9":"woocommerce-image-align-center","10":"do-quantity-buttons","12":"first","13":"instock","14":"sale","15":"taxable","16":"shipping-taxable","17":"purchasable","18":"product-type-simple"},"acf":[],"_links":{"self":[{"href":"https:\/\/servcrmpro.online\/fr\/wp-json\/wp\/v2\/product\/4459","targetHints":{"allow":["GET"]}}],"collection":[{"href":"https:\/\/servcrmpro.online\/fr\/wp-json\/wp\/v2\/product"}],"about":[{"href":"https:\/\/servcrmpro.online\/fr\/wp-json\/wp\/v2\/types\/product"}],"replies":[{"embeddable":true,"href":"https:\/\/servcrmpro.online\/fr\/wp-json\/wp\/v2\/comments?post=4459"}],"wp:featuredmedia":[{"embeddable":true,"href":"https:\/\/servcrmpro.online\/fr\/wp-json\/wp\/v2\/media\/686"}],"wp:attachment":[{"href":"https:\/\/servcrmpro.online\/fr\/wp-json\/wp\/v2\/media?parent=4459"}],"wp:term":[{"taxonomy":"product_brand","embeddable":true,"href":"https:\/\/servcrmpro.online\/fr\/wp-json\/wp\/v2\/product_brand?post=4459"},{"taxonomy":"product_cat","embeddable":true,"href":"https:\/\/servcrmpro.online\/fr\/wp-json\/wp\/v2\/product_cat?post=4459"},{"taxonomy":"product_tag","embeddable":true,"href":"https:\/\/servcrmpro.online\/fr\/wp-json\/wp\/v2\/product_tag?post=4459"}],"curies":[{"name":"wp","href":"https:\/\/api.w.org\/{rel}","templated":true}]}}