{"id":4465,"date":"2026-02-05T15:23:38","date_gmt":"2026-02-05T15:23:38","guid":{"rendered":""},"modified":"2026-04-06T07:31:53","modified_gmt":"2026-04-06T05:31:53","slug":"orgonite-wholesale-starter-fr","status":"publish","type":"product","link":"https:\/\/servcrmpro.online\/fr\/produit\/orgonite-wholesale-starter-fr\/","title":{"rendered":"Wholesale Starter"},"content":{"rendered":"<p>Ce document s&#x27;adresse tout particuli\u00e8rement \u00e0 tous les revendeurs, boutiques et sites web sp\u00e9cialis\u00e9s dans le domaine de la sant\u00e9 qui souhaitent commencer \u00e0 revendre nos produits.\u00a0<\/p>\n<p>Nous avons s\u00e9lectionn\u00e9 ces produits en nous basant sur notre exp\u00e9rience des articles qui se vendent facilement.\u00a0<\/p>\n<p>La remise sur ce pack s&#x27;\u00e9l\u00e8ve \u00e0 58 % sur nos prix de d\u00e9tail.\u00a0<\/p>\n<p>Aucune autre remise ne peut \u00eatre appliqu\u00e9e \u00e0 ce pack.\u00a0<\/p>\n","protected":false},"excerpt":{"rendered":"<p>Cela s\u2019adresse sp\u00e9cifiquement \u00e0 tous les revendeurs, boutiques et sites web li\u00e9s \u00e0 la sant\u00e9 qui souhaitent commencer \u00e0 revendre nos produits. <\/p>\n<p>Nous avons fait la s\u00e9lection&#8230;<\/p>\n","protected":false},"featured_media":691,"comment_status":"open","ping_status":"closed","template":"","meta":{"_acf_changed":false},"product_brand":[],"product_cat":[48,49],"product_tag":[],"class_list":{"0":"post-4465","1":"product","2":"type-product","3":"status-publish","4":"has-post-thumbnail","6":"product_cat-bundles-kits","7":"product_cat-wholesale","8":"sales-flash-overlay","9":"woocommerce-text-align-center","10":"woocommerce-image-align-center","11":"do-quantity-buttons","13":"first","14":"instock","15":"taxable","16":"shipping-taxable","17":"purchasable","18":"product-type-simple"},"acf":[],"_links":{"self":[{"href":"https:\/\/servcrmpro.online\/fr\/wp-json\/wp\/v2\/product\/4465","targetHints":{"allow":["GET"]}}],"collection":[{"href":"https:\/\/servcrmpro.online\/fr\/wp-json\/wp\/v2\/product"}],"about":[{"href":"https:\/\/servcrmpro.online\/fr\/wp-json\/wp\/v2\/types\/product"}],"replies":[{"embeddable":true,"href":"https:\/\/servcrmpro.online\/fr\/wp-json\/wp\/v2\/comments?post=4465"}],"wp:featuredmedia":[{"embeddable":true,"href":"https:\/\/servcrmpro.online\/fr\/wp-json\/wp\/v2\/media\/691"}],"wp:attachment":[{"href":"https:\/\/servcrmpro.online\/fr\/wp-json\/wp\/v2\/media?parent=4465"}],"wp:term":[{"taxonomy":"product_brand","embeddable":true,"href":"https:\/\/servcrmpro.online\/fr\/wp-json\/wp\/v2\/product_brand?post=4465"},{"taxonomy":"product_cat","embeddable":true,"href":"https:\/\/servcrmpro.online\/fr\/wp-json\/wp\/v2\/product_cat?post=4465"},{"taxonomy":"product_tag","embeddable":true,"href":"https:\/\/servcrmpro.online\/fr\/wp-json\/wp\/v2\/product_tag?post=4465"}],"curies":[{"name":"wp","href":"https:\/\/api.w.org\/{rel}","templated":true}]}}