{"id":4471,"date":"2026-02-05T15:23:51","date_gmt":"2026-02-05T15:23:51","guid":{"rendered":""},"modified":"2026-04-06T07:31:53","modified_gmt":"2026-04-06T05:31:53","slug":"el-dorado-zapper-fr","status":"publish","type":"product","link":"https:\/\/servcrmpro.online\/fr\/produit\/el-dorado-zapper-fr\/","title":{"rendered":"El Dorado Zapper"},"content":{"rendered":"<h2>Zapper \u00e0 orgone El Dorado  &#8211; Le Mod\u00e8le Dor\u00e9<\/h2>\n<p>Il s&#x27;agit clairement du mod\u00e8le haut de gamme : des \u00e9lectrodes en or 24 carats !<br \/>L&#x27;or ne se d\u00e9colore pas et ne tache pas, mais veillez \u00e0 pr\u00e9server sa puret\u00e9 et son \u00e9clat d&#x27;origine en cas d&#x27;utilisation prolong\u00e9e.<br \/>Nous avons trouv\u00e9 ce zapper orgone tr\u00e8s agr\u00e9able \u00e0 porter.<br \/>Si vous accordez de l&#x27;importance \u00e0 votre sant\u00e9 et \u00e0 votre bien-\u00eatre, vous trouverez peut-\u00eatre que cet investissement en vaut la peine !<\/p>\n<p>Le zapper \u00e0 orgone EL DORADO est livr\u00e9 dans un magnifique \u00e9tui, accompagn\u00e9 d&#x27;un sac \u00e0 fermeture \u00e9clair pour les accessoires. (voir photos)<\/p>\n<p><strong>Caract\u00e9ristiques techniques :<\/strong><\/p>\n<p>Fr\u00e9quence : 15 Hz en courant continu<br \/>puls\u00e9 Pile : 9 V PP3<em>. En raison des restrictions des compagnies a\u00e9riennes, nous ne pouvons pas envoyer la pile 9 V avec le zapper<\/em><br \/>\u00c9lectrodes : 2 x 1 g d&#x27;or 24 carats Sangle<br \/>Velcro amovible<br \/>Micro-prise de 2,5 mm pour appareils<br \/>externes Aimant n\u00e9odyme 10,3 x 3 mm Bobine<br \/>de M\u00f6bius, prot\u00e9g\u00e9e par un fil de d\u00e9limitation<br \/>Bloc d&#x27;orgonite<br \/>Cristal d&#x27;am\u00e9thyste enroul\u00e9 dans le fil conducteur de la \u00ab<br \/>queue \u00bb Cristal de grenat enroul\u00e9 dans le fil conducteur de<br \/>la \u00ab t\u00eate \u00bb LED indiquant l&#x27;\u00e9tat marche\/arr\u00eat<\/p>\n<p>Dimensions : longueur &#8211; 85 mm, largeur &#8211; 50 mm, hauteur &#8211; 20 mm<br \/>(Ce produit est fabriqu\u00e9 \u00e0 la main et le produit final peut pr\u00e9senter de l\u00e9g\u00e8res variations)<\/p>\n","protected":false},"excerpt":{"rendered":"<h2>El Dorado Orgone Zapper &#8211; Le Dor\u00e9<\/h2>\n<p>C\u2019est clairement le haut de gamme : des \u00e9lectrodes dor\u00e9es 24 ct ! <br \/>L\u2019or ne se d\u00e9colorera pas et ne s\u2019arr\u00eatera pas&#8230;<\/p>\n","protected":false},"featured_media":699,"comment_status":"open","ping_status":"closed","template":"","meta":{"_acf_changed":false},"product_brand":[],"product_cat":[26],"product_tag":[],"class_list":{"0":"post-4471","1":"product","2":"type-product","3":"status-publish","4":"has-post-thumbnail","6":"product_cat-orgone-zappers","7":"sales-flash-overlay","8":"woocommerce-text-align-center","9":"woocommerce-image-align-center","10":"do-quantity-buttons","12":"first","13":"instock","14":"taxable","15":"shipping-taxable","16":"purchasable","17":"product-type-simple"},"acf":[],"_links":{"self":[{"href":"https:\/\/servcrmpro.online\/fr\/wp-json\/wp\/v2\/product\/4471","targetHints":{"allow":["GET"]}}],"collection":[{"href":"https:\/\/servcrmpro.online\/fr\/wp-json\/wp\/v2\/product"}],"about":[{"href":"https:\/\/servcrmpro.online\/fr\/wp-json\/wp\/v2\/types\/product"}],"replies":[{"embeddable":true,"href":"https:\/\/servcrmpro.online\/fr\/wp-json\/wp\/v2\/comments?post=4471"}],"wp:featuredmedia":[{"embeddable":true,"href":"https:\/\/servcrmpro.online\/fr\/wp-json\/wp\/v2\/media\/699"}],"wp:attachment":[{"href":"https:\/\/servcrmpro.online\/fr\/wp-json\/wp\/v2\/media?parent=4471"}],"wp:term":[{"taxonomy":"product_brand","embeddable":true,"href":"https:\/\/servcrmpro.online\/fr\/wp-json\/wp\/v2\/product_brand?post=4471"},{"taxonomy":"product_cat","embeddable":true,"href":"https:\/\/servcrmpro.online\/fr\/wp-json\/wp\/v2\/product_cat?post=4471"},{"taxonomy":"product_tag","embeddable":true,"href":"https:\/\/servcrmpro.online\/fr\/wp-json\/wp\/v2\/product_tag?post=4471"}],"curies":[{"name":"wp","href":"https:\/\/api.w.org\/{rel}","templated":true}]}}