{"id":4474,"date":"2026-02-05T15:23:56","date_gmt":"2026-02-05T15:23:56","guid":{"rendered":""},"modified":"2026-04-06T07:31:53","modified_gmt":"2026-04-06T05:31:53","slug":"orgonite-pyramid-xl-with-pulsed-sp-crystal-fr","status":"publish","type":"product","link":"https:\/\/servcrmpro.online\/fr\/produit\/orgonite-pyramid-xl-with-pulsed-sp-crystal-fr\/","title":{"rendered":"Pyramide d\u2019Orgonite XL avec cristal SP puls\u00e9"},"content":{"rendered":"<h1>Pyramide en orgonite extra-large pour dynamiser en profondeur votre int\u00e9rieur et votre espace personnel<\/h1>\n<p>C&#x27;est le v\u00e9ritable g\u00e9ant parmi toutes les pyramides en orgonite. Elle p\u00e8se environ 4,5 kg, soit 9 livres ! Avec une base de 230 mm x 230 mm, elle est fabriqu\u00e9e avec environ 4 litres de r\u00e9sine. Je suis s\u00fbr qu&#x27;elle pourrait \u00e0 elle seule neutraliser une centrale nucl\u00e9aire. Les cristaux situ\u00e9s \u00e0 la base mesurent chacun environ 100 mm (4 pouces) de long.<\/p>\n<p><em>Nous ne les avons pas en stock, mais nous les fabriquons sur commande. Veuillez pr\u00e9voir quelques jours suppl\u00e9mentaires pour la fabrication.<\/em><\/p>\n<p>Nos pyramides d&#x27;orgonite combinent la composition principale du HHG avec les propri\u00e9t\u00e9s sp\u00e9ciales de la pyramide. Le pouvoir particulier de la pyramide se manifeste de mani\u00e8re optimale lorsqu&#x27;elle est align\u00e9e avec le p\u00f4le nord magn\u00e9tique. D&#x27;innombrables chercheurs \u00e0 travers le monde ont d\u00e9couvert que la forme pyramidale poss\u00e8de en soi certaines propri\u00e9t\u00e9s \u00e9nerg\u00e9tiques remarquables.<\/p>\n<p>Toutes nos pyramides en orgonite contiennent 5 pointes de cristal de quartz. Celles-ci sont plac\u00e9es \u00e0 la pointe de la pyramide et \u00e0 sa base, orient\u00e9es dans les 4 directions. Les pointes naturelles des cristaux contribuent \u00e0 cr\u00e9er un champ d&#x27;\u00e9nergie orgonique beaucoup plus puissant, compar\u00e9 aux fragments de quartz que nous utilisons dans nos Towerbusters ou pendentifs (qui cr\u00e9ent un champ d&#x27;\u00e9nergie plus diffus). <\/p>\n<p>Les pyramides et les HHG ont ainsi un flux d&#x27;\u00e9nergie beaucoup plus puissant et mieux dirig\u00e9, ainsi qu&#x27;un rayon d&#x27;action plus large. Les m\u00e9diums et les personnes sensibles \u00e0 l&#x27;\u00e9nergie observent souvent un faisceau d&#x27;\u00e9nergie sortant du sommet de la pyramide ou du HHG ; la plupart des gens peuvent le ressentir en passant leur main dans l&#x27;air au-dessus de la pyramide, et le d\u00e9crivent comme une sensation de chaleur ou de picotement, ou une pression sur la paume de la main.<\/p>\n<\/p>\n<p><em>Disponible en plusieurs magnifiques teintes translucides<\/em><\/p>\n<p>Dimensions : longueur &#8211; 220 mm, largeur &#8211; 220 mm, hauteur &#8211; 245 mm<br \/>(Ce produit est fabriqu\u00e9 \u00e0 la main et le produit final peut pr\u00e9senter de l\u00e9g\u00e8res variations)<strong><em><br \/><\/em><\/strong><\/p>\n","protected":false},"excerpt":{"rendered":"<h1>Pyramide d\u2019Orgonite Extra Large pour dynamiser massivement votre maison et votre espace personnel<\/h1>\n<p>C\u2019est le v\u00e9ritable g\u00e9ant de toutes les pyramides d\u2019orgonite. Il p\u00e8se&#8230;<\/p>\n","protected":false},"featured_media":702,"comment_status":"open","ping_status":"closed","template":"","meta":{"_acf_changed":false},"product_brand":[],"product_cat":[20],"product_tag":[],"class_list":{"0":"post-4474","1":"product","2":"type-product","3":"status-publish","4":"has-post-thumbnail","6":"product_cat-orgonite-pyramids","7":"sales-flash-overlay","8":"woocommerce-text-align-center","9":"woocommerce-image-align-center","10":"do-quantity-buttons","12":"first","13":"instock","14":"taxable","15":"shipping-taxable","16":"purchasable","17":"product-type-simple"},"acf":[],"_links":{"self":[{"href":"https:\/\/servcrmpro.online\/fr\/wp-json\/wp\/v2\/product\/4474","targetHints":{"allow":["GET"]}}],"collection":[{"href":"https:\/\/servcrmpro.online\/fr\/wp-json\/wp\/v2\/product"}],"about":[{"href":"https:\/\/servcrmpro.online\/fr\/wp-json\/wp\/v2\/types\/product"}],"replies":[{"embeddable":true,"href":"https:\/\/servcrmpro.online\/fr\/wp-json\/wp\/v2\/comments?post=4474"}],"wp:featuredmedia":[{"embeddable":true,"href":"https:\/\/servcrmpro.online\/fr\/wp-json\/wp\/v2\/media\/702"}],"wp:attachment":[{"href":"https:\/\/servcrmpro.online\/fr\/wp-json\/wp\/v2\/media?parent=4474"}],"wp:term":[{"taxonomy":"product_brand","embeddable":true,"href":"https:\/\/servcrmpro.online\/fr\/wp-json\/wp\/v2\/product_brand?post=4474"},{"taxonomy":"product_cat","embeddable":true,"href":"https:\/\/servcrmpro.online\/fr\/wp-json\/wp\/v2\/product_cat?post=4474"},{"taxonomy":"product_tag","embeddable":true,"href":"https:\/\/servcrmpro.online\/fr\/wp-json\/wp\/v2\/product_tag?post=4474"}],"curies":[{"name":"wp","href":"https:\/\/api.w.org\/{rel}","templated":true}]}}