{"id":4477,"date":"2026-02-05T15:24:04","date_gmt":"2026-02-05T15:24:04","guid":{"rendered":""},"modified":"2026-04-21T22:56:52","modified_gmt":"2026-04-21T20:56:52","slug":"new-orgonite-powerwand-fr","status":"publish","type":"product","link":"https:\/\/servcrmpro.online\/fr\/produit\/new-orgonite-powerwand-fr\/","title":{"rendered":"Nouveau Power Wand d&rsquo;Orgonite"},"content":{"rendered":"<h2>Nouveau B\u00e2ton en Orgonite &#8211; Version Super DeLuxe<\/h2>\n<p><span style=\"font-family: verdana, geneva; font-size: medium;\">Le nouveau b\u00e2ton \u00e9nerg\u00e9tique en orgonite est encore plus luxueux que l&rsquo;ancien. <\/span><\/p>\n<p><span style=\"font-family: verdana, geneva; font-size: medium;\">Gr\u00e2ce au nouvel interrupteur \u00e0 l&rsquo;ext\u00e9rieur, plus besoin d&rsquo;ouvrir le rev\u00eatement en cuir pour allumer ou \u00e9teindre le PW. <\/span><\/p>\n<p><span style=\"font-family: verdana, geneva; font-size: medium;\">On a dot\u00e9 le b\u00e2ton \u00e9nerg\u00e9tique d&rsquo;un pied solide en ch\u00eane, car on sait que la plupart des gens souhaitent le placer dans leur salon pour b\u00e9n\u00e9ficier d&rsquo;une protection \u00e9th\u00e9rique, favoriser la manifestation et recharger \u00e9nerg\u00e9tiquement leur environnement. Le pied en ch\u00eane est impr\u00e9gn\u00e9 d&rsquo;une huile naturelle parfum\u00e9e et teint\u00e9 en fonc\u00e9. <\/span><\/p>\n<p><span style=\"font-family: verdana, geneva; font-size: medium;\">\u00c0 l&rsquo;int\u00e9rieur, tu trouveras toujours le m\u00eame g\u00e9n\u00e9rateur d&rsquo;orgone puls\u00e9 super puissant que les gens du monde entier ont appris \u00e0 aimer. <\/span><\/p>\n<h2>Intention + \u00e9nergie = manifestation<\/h2>\n<p><span style=\"font-size: medium;\"><span style=\"font-family: verdana, geneva;\">Au c\u0153ur du b\u00e2ton \u00e9nerg\u00e9tique se trouve un cristal de quartz extra-large avec une longue bobine de Moebius enroul\u00e9e de mani\u00e8re complexe et torsad\u00e9e en 6 n\u0153uds. Le cristal est \u00e9clair\u00e9 de mani\u00e8re magique par une lumi\u00e8re LED bleue et encastr\u00e9 dans de l&rsquo;orgonite en cuivre\/laiton\/aluminium.<\/span><\/span><\/p>\n<p><span style=\"font-size: medium;\"><span style=\"font-family: verdana, geneva;\">La bobine de M\u00f6bius cr\u00e9e un champ scalaire (onde stationnaire) et fait vibrer le cristal \u00e0 sa propre fr\u00e9quence de r\u00e9sonance \u00e9lev\u00e9e.<br \/>\u00c7a cr\u00e9e un champ d&rsquo;orgone super actif dans l&rsquo;\u00e9ther, qu&rsquo;on pourrait appeler \u00ab bruit blanc \u00bb, qui neutralise la plupart des \u00ab attaques psychiques \u00bb et des attaques \u00e9lectromagn\u00e9tiques. <\/span><\/span><\/p>\n<p><span style=\"font-size: medium;\"><span style=\"font-family: verdana, geneva;\">En plus, c&rsquo;est super \u00e9nergisant et \u00e7a peut \u00eatre utilis\u00e9 pour soigner des probl\u00e8mes physiques caus\u00e9s par une \u00e9nergie stagnante. <br \/>Bien s\u00fbr, comme tous les autres b\u00e2tons, il peut \u00eatre utilis\u00e9 pour la manifestation en alimentant en \u00e9nergie ta visualisation et m\u00eame des supports comme une image ou une d\u00e9claration d&rsquo;intention \u00e9crite. <\/span><\/span><\/p>\n<p><span style=\"font-size: medium;\"><span style=\"font-family: verdana, geneva;\">Le tout est log\u00e9 dans un tube en cuivre de 300 mm de long et 76 mm d&rsquo;\u00e9paisseur. <\/span><\/span> <span style=\"font-size: medium;\"><span style=\"font-family: verdana, geneva;\">La bobine autour du cristal est puls\u00e9e par un g\u00e9n\u00e9rateur de fr\u00e9quenc cuir blanc bien ajust\u00e9e rend le Power Wand tr\u00e8s agr\u00e9able \u00e0 utilisere de 15 Hz (circuit Zapper) cach\u00e9 dans le fond du tube.<\/span><\/span><span style=\"font-family: verdana, geneva; font-size: medium;\">Une housse en cuir blanc bien ajust\u00e9e rend le Power Wand tr\u00e8s agr\u00e9able \u00e0 utiliser<\/span><span style=\"font-family: verdana, geneva; font-size: medium;\"><\/span><\/p>\n<h3><span style=\"font-size: medium;\"><span style=\"font-family: verdana, geneva;\">Autres ingr\u00e9dients :<\/span><\/span><\/h3>\n<ul>\n<li><span style=\"font-family: verdana, geneva; font-size: medium;\">1 cristal d&rsquo;am\u00e9thyste<\/span><span style=\"font-family: verdana, geneva; font-size: medium;\">&nbsp; <\/span><\/li>\n<li><span style=\"font-size: medium;\"><span style=\"font-family: verdana, geneva;\">4 grenats<\/span><\/span><\/li>\n<li><span style=\"font-family: verdana, geneva; font-size: medium;\">4<\/span> <span style=\"font-family: verdana, geneva; font-size: medium;\">perles d&rsquo;h\u00e9matite<\/span><\/li>\n<li><span style=\"font-size: medium;\"><span style=\"font-family: verdana, geneva;\">autres min\u00e9raux puissants<\/span><\/span><\/li>\n<\/ul>\n<p> <span style=\"font-size: medium;\"><span style=\"font-family: verdana, geneva;\">Ce truc est vraiment puissant !<\/span><\/span><br \/><span style=\"font-size: medium;\"><span style=\"font-family: verdana, geneva;\">La plupart des gens que j&rsquo;ai test\u00e9s jusqu&rsquo;\u00e0 pr\u00e9sent peuvent voir l&rsquo;\u00e9nergie du panneau Orgonite Powerwall \u00e0 l&rsquo;\u0153il nu et sans entra\u00eenement particulier. Je ne parle pas ici de voyants sensibles \u00e0 l&rsquo;aura, mais de personnes normales comme toi et moi&#8230;<\/span><\/span><\/p>\n<p> <img decoding=\"async\" src=\"https:\/\/cdn.shopify.com\/s\/files\/1\/0660\/4419\/8969\/files\/030218OWdishedup_480x480.jpg?v=1740497029\" alt=\"orgonite power wand ingredients\"><\/p>\n<p>ingr\u00e9dients typiques<\/p>\n<p><span style=\"font-size: medium;\"> <span style=\"font-family: verdana, geneva;\">Le Power Wand est \u00e9quip\u00e9 d&rsquo;une prise 12 V et d&rsquo;un adaptateur secteur 12 V si tu veux le brancher sur le secteur. font-size: medium;\u00a0\u00bb&gt;Utilisations :<\/span><\/span><\/p>\n<ul>\n<li><span style=\"font-size: medium;\"><span style=\"font-family: verdana, geneva;\">Protection contre les attaques spirituelles et \u00e9lectromagn\u00e9tiques<\/span><\/span><\/li>\n<li><span style=\"font-size: medium;\"><span style=\"font-family: verdana, geneva;\">Harmonisation et dynamisation de ton environnement<\/span><\/span><br \/><span style=\"font-size: medium;\"><span style=\"font-family: verdana, geneva;\">-Radionique (\u00e9mission d&rsquo;intentions renforc\u00e9es).<\/span><\/span><\/li>\n<li><span style=\"font-size: medium;\"><span style=\"font-family: verdana, geneva;\">Gu\u00e9rison \u00e0 distance. Stimulation de la conscience \u00e9nerg\u00e9tique et de la capacit\u00e9 \u00e0 diriger l&rsquo;\u00e9nergie par la propre intention<\/span><\/span><\/li>\n<li><span style=\"font-size: medium;\"><span style=\"font-family: verdana, geneva;\">Applications de gu\u00e9rison directe. Le puissant rayon orgonique peut \u00eatre utilis\u00e9 directement pour stimuler les processus de gu\u00e9rison physique<\/span><\/span><\/li>\n<\/ul>\n<h3><span style=\"font-size: medium;\"><span style=\"font-family: verdana, geneva;\">\u00c7a a l&rsquo;air vraiment g\u00e9nial !<\/span><\/span><\/h3>\n<p><span style=\"font-size: medium;\"><span style=\"font-family: verdana, geneva;\">On a maintenant plac\u00e9 la LED qui indique si le g\u00e9n\u00e9rateur d&rsquo;impulsions \u00e9lectriques est allum\u00e9 ou \u00e9teint juste \u00e0 c\u00f4t\u00e9 du grand cristal, pour que tu puisses voir si le PW est allum\u00e9 ou \u00e9teint. Dans le noir, le cristal cr\u00e9e une lueur bleue magique quand ton b\u00e2ton \u00e9nerg\u00e9tique est allum\u00e9.<img decoding=\"async\" src=\"https:\/\/cdn.shopify.com\/s\/files\/1\/0660\/4419\/8969\/files\/New_PW_Nightglow_240x240.jpg?v=1740480632\" alt=\"B\u00e2ton \u00e9nerg\u00e9tique orgonite dans l'obscurit\u00e9\" style=\"float: none;\"> <\/span><\/span><\/p>\n<div style=\"text-align: left;\"><strong>Le b\u00e2ton \u00e9nerg\u00e9tique brille en bleu dans le noir<\/strong><\/div>\n<p><span style=\"font-size: medium;\"><span style=\"font-family: verdana, geneva;\">Clique ici pour en savoir plus sur nos appareils \u00e0 orgonite puls\u00e9e, leur utilisation et leurs applications.<\/span><\/span> <span style=\"font-size: small;\"><span style=\"font-family: verdana, geneva;\">Un adaptateur 12 V adapt\u00e9 \u00e0 ton pays est inclus dans la livraison. Le b\u00e2ton \u00e9nerg\u00e9tique est ainsi pleinement fonctionnel.&nbsp;<\/span><\/span> <span style=\"font-size: small;\"><span style=\"font-family: verdana, geneva;\"> L&rsquo;appareil peut aussi \u00eatre utilis\u00e9 sans courant avec une pile 9 V. Mais pour des raisons de s\u00e9curit\u00e9 a\u00e9rienne, on ne peut l&rsquo;envoyer qu&rsquo;sans pile. &nbsp;<\/span><\/span> <span style=\"font-size: small;\"><span style=\"font-family: verdana, geneva;\">Dimensions : longueur \u2013 300 mm, diam\u00e8tre \u2013 76 mm<br \/> (Ce produit est fait \u00e0 la main et le produit final peut l\u00e9g\u00e8rement varier)<\/span><\/span><\/p>\n","protected":false},"excerpt":{"rendered":"<h2>La nouvelle Orgonite PW &#8211; Version Super DeLuxe<\/h2>\n<p><span style=\"font-family\u00a0: verdana, geneve\u00a0;font-size\u00a0: medium\">La nouvelle Orgonite PowerWand est ev&#8230;<\/p>\n","protected":false},"featured_media":705,"comment_status":"open","ping_status":"closed","template":"","meta":{"_acf_changed":false},"product_brand":[],"product_cat":[176],"product_tag":[],"class_list":{"0":"post-4477","1":"product","2":"type-product","3":"status-publish","4":"has-post-thumbnail","6":"product_cat-dispositifs-dorgonite-pulsee-fr","7":"sales-flash-overlay","8":"woocommerce-text-align-center","9":"woocommerce-image-align-center","10":"do-quantity-buttons","12":"first","13":"instock","14":"taxable","15":"shipping-taxable","16":"purchasable","17":"product-type-simple"},"acf":[],"_links":{"self":[{"href":"https:\/\/servcrmpro.online\/fr\/wp-json\/wp\/v2\/product\/4477","targetHints":{"allow":["GET"]}}],"collection":[{"href":"https:\/\/servcrmpro.online\/fr\/wp-json\/wp\/v2\/product"}],"about":[{"href":"https:\/\/servcrmpro.online\/fr\/wp-json\/wp\/v2\/types\/product"}],"replies":[{"embeddable":true,"href":"https:\/\/servcrmpro.online\/fr\/wp-json\/wp\/v2\/comments?post=4477"}],"wp:featuredmedia":[{"embeddable":true,"href":"https:\/\/servcrmpro.online\/fr\/wp-json\/wp\/v2\/media\/705"}],"wp:attachment":[{"href":"https:\/\/servcrmpro.online\/fr\/wp-json\/wp\/v2\/media?parent=4477"}],"wp:term":[{"taxonomy":"product_brand","embeddable":true,"href":"https:\/\/servcrmpro.online\/fr\/wp-json\/wp\/v2\/product_brand?post=4477"},{"taxonomy":"product_cat","embeddable":true,"href":"https:\/\/servcrmpro.online\/fr\/wp-json\/wp\/v2\/product_cat?post=4477"},{"taxonomy":"product_tag","embeddable":true,"href":"https:\/\/servcrmpro.online\/fr\/wp-json\/wp\/v2\/product_tag?post=4477"}],"curies":[{"name":"wp","href":"https:\/\/api.w.org\/{rel}","templated":true}]}}