{"id":4486,"date":"2026-02-05T15:24:18","date_gmt":"2026-02-05T15:24:18","guid":{"rendered":""},"modified":"2026-04-21T22:56:52","modified_gmt":"2026-04-21T20:56:52","slug":"midi-orgonite-power-wand-fr","status":"publish","type":"product","link":"https:\/\/servcrmpro.online\/fr\/produit\/midi-orgonite-power-wand-fr\/","title":{"rendered":"Nouveau Power Wand d&rsquo;Orgonite"},"content":{"rendered":"<h2><span style=\"font-family: verdana, geneva; font-size: medium;\">Le nouveau b\u00e2ton \u00e9nerg\u00e9tique de taille moyenne<\/span><\/h2>\n<p><span style=\"font-family: verdana, geneva; font-size: medium;\">On pourrait aussi dire \u00ab juste la bonne taille \u00bb&#8230;<\/span><\/p>\n<p><span style=\"font-family: verdana, geneva; font-size: medium;\">Beaucoup plus grand et plus puissant que les mini-baguettes, mais toujours facile \u00e0 transporter et adapt\u00e9 aux applications de gu\u00e9rison locales. <\/span><\/p>\n<p><span style=\"font-family: verdana, geneva; font-size: medium;\">Le concept est tr\u00e8s similaire \u00e0 celui de la grande baguette \u00e9nerg\u00e9tique. <\/span><\/p>\n<p><span style=\"font-family: verdana, geneva; font-size: medium;\">Au c\u0153ur du Power Wand, il y a un gros cristal de quartz enroul\u00e9 dans une longue spirale de M\u00f6bius et tordu en six n\u0153uds. <\/span><\/p>\n<p><span style=\"font-family: verdana, geneva; font-size: medium;\">La bobine de M\u00f6bius cr\u00e9e un champ scalaire (onde stationnaire) et fait vibrer le cristal \u00e0 sa propre fr\u00e9quence de r\u00e9sonance \u00e9lev\u00e9e.<br data-mce-fragment=\"\u00ab\"><\/span><\/p>\n<p><span style=\"font-family: verdana, geneva; font-size: medium;\">\u00c7a cr\u00e9e un champ orgonique super actif dans l&rsquo;\u00e9ther, qu&rsquo;on pourrait appeler bruit blanc, qui neutralise la plupart des \u00ab attaques psychiques \u00bb et des attaques \u00e9lectromagn\u00e9tiques. <\/span><\/p>\n<p><span style=\"font-family: verdana, geneva; font-size: medium;\">D&rsquo;un autre c\u00f4t\u00e9, c&rsquo;est super \u00e9nergisant et \u00e7a peut aider \u00e0 soigner des probl\u00e8mes physiques caus\u00e9s par une \u00e9nergie bloqu\u00e9e. <\/span><\/p>\n<p><span style=\"font-family: verdana, geneva; font-size: medium;\">Bien s\u00fbr, comme tous les autres b\u00e2tons, il peut \u00eatre utilis\u00e9 pour la manifestation en alimentant ta visualisation en \u00e9nergie. Au lieu de cette forme de manifestation plut\u00f4t m\u00e9ditative, tu peux aussi \u00e9nergiser un objet, par exemple une image ou une explication \u00e9crite de ton intention.&nbsp; &nbsp;<\/span><\/p>\n<p><span style=\"font-family: verdana, geneva; font-size: medium;\">Le cristal est magiquement \u00e9clair\u00e9 par une lumi\u00e8re LED bleue et est int\u00e9gr\u00e9 dans de l&rsquo;orgonite en cuivre\/laiton\/aluminium. <\/span><\/p>\n<p><span style=\"font-family: verdana, geneva; font-size: medium;\">Le tout est dans un tube en cuivre de 220 mm de long et 54 mm de diam\u00e8tre. <\/span><\/p>\n<p><span style=\"font-family: verdana, geneva; font-size: medium;\">La spirale autour du cristal est activ\u00e9e par un g\u00e9n\u00e9rateur de fr\u00e9quence de 15 Hz (circuit zapper) cach\u00e9 dans le fond du tube. <\/span><\/p>\n<p><span style=\"font-family: verdana, geneva; font-size: medium;\">Un \u00e9tui en cuir jaune parfaitement adapt\u00e9 rend le Power Wand tr\u00e8s agr\u00e9able \u00e0 utiliser et \u00e9l\u00e9gant. <\/span><\/p>\n<p><span style=\"font-family: verdana, geneva; font-size: medium;\">Le pied est un capuchon en cuivre sabl\u00e9 mat.<\/span><\/p>\n<p><span style=\"font-family: verdana, geneva; font-size: medium;\"><strong>Autres ingr\u00e9dients :<\/strong><\/span><\/p>\n<ul>\n<li><span style=\"font-family: verdana, geneva; font-size: medium;\">1 cristal d&rsquo;am\u00e9thyste<\/span><span style=\"font-family: verdana, geneva; font-size: medium;\">&nbsp; <\/span><\/li>\n<li><span style=\"font-family: verdana, geneva; font-size: medium;\">4 grenats<\/span><\/li>\n<li><span style=\"font-family: verdana, geneva; font-size: medium;\">4<\/span> <span style=\"font-family: verdana, geneva; font-size: medium;\">perles d&rsquo;h\u00e9matite<\/span><\/li>\n<li><span style=\"font-family: verdana, geneva; font-size: medium;\">autres min\u00e9raux puissants<\/span><\/li>\n<\/ul>\n<p><\/p>\n<p><span style=\"font-family: verdana, geneva; font-size: medium;\"><strong style=\"font-family: verdana, geneva; font-size: medium;\">Ce truc est vraiment puissant !<\/strong><\/span><br \/> <span style=\"font-family: verdana, geneva; font-size: medium;\">La plupart des gens que j&rsquo;ai test\u00e9s jusqu&rsquo;\u00e0 pr\u00e9sent peuvent voir l&rsquo;\u00e9nergie du panneau d&rsquo;orgonite \u00e0 l&rsquo;\u0153il nu et sans entra\u00eenement particulier. Je ne parle pas ici de voyants sensibles \u00e0 l&rsquo;aura, mais de personnes normales comme toi et moi&#8230;<\/span><\/p>\n<p>&nbsp;<\/p>\n<p><img decoding=\"async\" alt=\"\" src=\"https:\/\/cdn.shopify.com\/s\/files\/1\/0660\/4419\/8969\/files\/030218OWdishedup_480x480.jpg?v=1740497029\"><\/p>\n<p>ingr\u00e9dients typiques<\/p>\n<p> <span style=\"font-family: verdana, geneva; font-size: medium;\">Le Power Wand est \u00e9quip\u00e9 d&rsquo;une prise 12 V et d&rsquo;un adaptateur secteur 12 V si tu veux le brancher sur le secteur. font-size: medium;\u00a0\u00bb&gt;<strong style=\"font-family: verdana, geneva; font-size: medium;\">Utilisations :<\/strong><\/span><\/p>\n<ul>\n<li><span style=\"font-family: verdana, geneva; font-size: medium;\">Protection contre les attaques spirituelles et \u00e9lectromagn\u00e9tiques<\/span><\/li>\n<li><span style=\"font-family: verdana, geneva; font-size: medium;\">Harmonisation et dynamisation de ton environnement<\/span><br \/> <span style=\"font-family: verdana, geneva; font-size: medium;\">-Radionique (\u00e9mission d&rsquo;intentions renforc\u00e9es).<\/span><\/li>\n<li><span style=\"font-family: verdana, geneva; font-size: medium;\">Gu\u00e9rison \u00e0 distance. Stimulation de la conscience \u00e9nerg\u00e9tique et de la capacit\u00e9 \u00e0 diriger l&rsquo;\u00e9nergie par la propre intention<\/span><\/li>\n<li><span style=\"font-family: verdana, geneva; font-size: medium;\">Applications de gu\u00e9rison directe. Le puissant rayon orgonique peut \u00eatre utilis\u00e9 directement pour stimuler les processus de gu\u00e9rison physique<\/span><\/li>\n<\/ul>\n<p><span style=\"font-family: verdana, geneva; font-size: medium;\"><strong style=\"font-family: verdana, geneva; font-size: medium;\">\u00c7a a l&rsquo;air vraiment g\u00e9nial !<\/strong><\/span><\/p>\n<p><span style=\"font-family: verdana, geneva; font-size: medium;\">On a maintenant plac\u00e9 la LED qui indique si le g\u00e9n\u00e9rateur d&rsquo;impulsions \u00e9lectriques est allum\u00e9 ou \u00e9teint juste \u00e0 c\u00f4t\u00e9 du grand cristal, pour que tu puisses voir si le PW est allum\u00e9 ou \u00e9teint. Dans le noir, le cristal produit une <strong style=\"font-family: verdana, geneva; font-size: medium;\">lueur bleue magique<\/strong> lorsque votre baguette magique est allum\u00e9e. <\/span><\/p>\n<p><img decoding=\"async\" shopify=\"\" com=\"\" data-mce-fragment=\"\u201c1\u201d\" alt=\"\u00ab\" src=\"\u00ab\" files=\"\" s=\"\" cdn=\"\" https:=\"\" data-mce-src=\"\u00ab\"><\/p>\n<div style=\"text-align: left;\"><\/div>\n<div style=\"text-align: left;\">Le b\u00e2ton lumineux brille en bleu dans le noir<\/div>\n<div style=\"text-align: left;\"><\/div>\n<div style=\"text-align: left;\"><\/div>\n<div style=\"text-align: left;\"><\/div>\n<div style=\"text-align: left;\"><\/div>\n<p><span style=\"font-family: verdana, geneva; font-size: medium;\">Pour en savoir plus sur nos appareils \u00e0 orgonite puls\u00e9e, leur utilisation et leurs applications, clique ici.<\/span><\/p>\n<p><span style=\"font-family: verdana, geneva; font-size: small;\">Un adaptateur 12 V adapt\u00e9 \u00e0 ton pays est inclus dans la livraison. Le b\u00e2ton \u00e9nerg\u00e9tique est ainsi pleinement fonctionnel.&nbsp;<\/span><\/p>\n<p><span style=\"font-family: verdana, geneva; font-size: small;\">L&rsquo;appareil peut aussi \u00eatre utilis\u00e9 sans courant avec une pile 9 V. Mais pour des raisons de s\u00e9curit\u00e9 a\u00e9rienne, on ne peut l&rsquo;envoyer qu&rsquo;sans pile. &nbsp;<\/span><\/p>\n<p><span style=\"font-family: verdana, geneva; font-size: small;\">Dimensions : longueur \u2013 220 mm, diam\u00e8tre \u2013 54 mm<br \/> (Ce produit est fait \u00e0 la main et le produit final peut l\u00e9g\u00e8rement varier)<\/span><\/p>\n","protected":false},"excerpt":{"rendered":"<h2>La nouvelle baguette \u00e9nerg\u00e9tique de taille moyenne<\/h2>\n<p><span style=\"font-family\u00a0: verdana, geneve\u00a0;font-size\u00a0: medium\">On pourrait aussi dire \u00ab\u00a0bonne taille\u00a0\u00bb&#8230; <\/span>&#8230;<\/p>\n","protected":false},"featured_media":713,"comment_status":"open","ping_status":"closed","template":"","meta":{"_acf_changed":false},"product_brand":[],"product_cat":[176],"product_tag":[],"class_list":{"0":"post-4486","1":"product","2":"type-product","3":"status-publish","4":"has-post-thumbnail","6":"product_cat-dispositifs-dorgonite-pulsee-fr","7":"sales-flash-overlay","8":"woocommerce-text-align-center","9":"woocommerce-image-align-center","10":"do-quantity-buttons","12":"first","13":"instock","14":"taxable","15":"shipping-taxable","16":"purchasable","17":"product-type-simple"},"acf":[],"_links":{"self":[{"href":"https:\/\/servcrmpro.online\/fr\/wp-json\/wp\/v2\/product\/4486","targetHints":{"allow":["GET"]}}],"collection":[{"href":"https:\/\/servcrmpro.online\/fr\/wp-json\/wp\/v2\/product"}],"about":[{"href":"https:\/\/servcrmpro.online\/fr\/wp-json\/wp\/v2\/types\/product"}],"replies":[{"embeddable":true,"href":"https:\/\/servcrmpro.online\/fr\/wp-json\/wp\/v2\/comments?post=4486"}],"wp:featuredmedia":[{"embeddable":true,"href":"https:\/\/servcrmpro.online\/fr\/wp-json\/wp\/v2\/media\/713"}],"wp:attachment":[{"href":"https:\/\/servcrmpro.online\/fr\/wp-json\/wp\/v2\/media?parent=4486"}],"wp:term":[{"taxonomy":"product_brand","embeddable":true,"href":"https:\/\/servcrmpro.online\/fr\/wp-json\/wp\/v2\/product_brand?post=4486"},{"taxonomy":"product_cat","embeddable":true,"href":"https:\/\/servcrmpro.online\/fr\/wp-json\/wp\/v2\/product_cat?post=4486"},{"taxonomy":"product_tag","embeddable":true,"href":"https:\/\/servcrmpro.online\/fr\/wp-json\/wp\/v2\/product_tag?post=4486"}],"curies":[{"name":"wp","href":"https:\/\/api.w.org\/{rel}","templated":true}]}}