{"id":4498,"date":"2026-02-05T15:24:38","date_gmt":"2026-02-05T15:24:38","guid":{"rendered":""},"modified":"2026-04-06T07:31:54","modified_gmt":"2026-04-06T05:31:54","slug":"towerbuster-dirty-harry-fr","status":"publish","type":"product","link":"https:\/\/servcrmpro.online\/fr\/produit\/towerbuster-dirty-harry-fr\/","title":{"rendered":"Le Tourbonheur le Sale Harry"},"content":{"rendered":"<p><strong><span style=\"font-family: verdana, geneva;font-size: medium\">Le Towerbuster \u00ab Dirty Harry \u00bb en orgonite est le plus polyvalent de tous les appareils en orgonite.<\/span><\/strong><span style=\"font-family: verdana, geneva;font-size: medium\"> <\/span><\/p>\n<p><span style=\"font-family: verdana, geneva;font-size: medium\">C&#x27;est l&#x27;outil en orgonite id\u00e9al pour vos exp\u00e9ditions de diffusion d&#x27;orgone ou toute autre application de gu\u00e9rison par l&#x27;orgone en ext\u00e9rieur o\u00f9 \u00ab l&#x27;apparence n&#x27;a pas d&#x27;importance \u00bb.<\/span><\/p>\n<p><span style=\"font-family: verdana, geneva;font-size: medium\">Un seul Towerbuster en orgonite comme celui-ci peut suffire \u00e0 transformer une antenne-relais de t\u00e9l\u00e9phonie mobile, qui est un \u00e9metteur de force mortelle, en g\u00e9n\u00e9rateur d&#x27;orgone. Les Towerbusters peuvent \u00eatre utilis\u00e9s pour am\u00e9liorer l&#x27;\u00e9nergie pratiquement partout. Nous en avons plac\u00e9 tout autour de fermes pour augmenter le rendement des cultures et am\u00e9liorer la sant\u00e9 des animaux, et nous en avons jet\u00e9 dans des rivi\u00e8res pollu\u00e9es, pour ne citer que quelques applications.<\/span><\/p>\n<p><span style=\"font-family: verdana, geneva;font-size: medium\">Consultez notre <a title=\"Where to Place Orgonite\" href=\"https:\/\/orgoniseafrica.com\/collections\/what-is-orgonite-orgonite-for-beginners-getting-started\" target=\"_blank\" rel=\"noopener\">Guide de l&#x27;orgonite pour d\u00e9butants<\/a> pour plus d&#x27;inspiration sur l&#x27;emplacement de vos Towerbusters en orgonite.<\/span><\/p>\n<p><span style=\"font-family: verdana, geneva;font-size: medium\">Les adeptes s\u00e9rieux de l&#x27;orgone les ach\u00e8tent en gros et font de belles \u00e9conomies : nous les produisons en grandes quantit\u00e9s et les proposons \u00e0 un prix si bas que vous ne pourriez pratiquement pas les fabriquer vous-m\u00eame \u00e0 ce prix !<\/span><\/p>\n<p><span style=\"font-family: verdana, geneva;font-size: medium\">Couleurs : principalement marron et vert pour le camouflage.<\/span><\/p>\n<p><span style=\"font-family: verdana, geneva;font-size: medium\">Remarque : les \u00ab Dirty Harries \u00bb en orgonite sont la variante la plus brute des Towerbusters. D&#x27;o\u00f9 leur nom \u00ab Dirty Harry \u00bb. Ils sont destin\u00e9s \u00e0 \u00eatre achet\u00e9s et distribu\u00e9s <\/span><span style=\"font-family: verdana, geneva;font-size: medium\"><em>en masse<\/em>. Ils ne sont pas con\u00e7us comme des objets d\u00e9coratifs ! Attendez-vous \u00e0 ce que des copeaux d\u00e9passent et que les coins soient \u00e9br\u00e9ch\u00e9s. Tout cela ne diminue en rien leur puissance.<\/span><\/p>\n<p><span style=\"font-family: verdana, geneva;font-size: medium\">Pour nos Towerbusters lisses et color\u00e9s destin\u00e9s \u00e0 d\u00e9corer votre int\u00e9rieur, consultez par exemple nos <a title=\"Slick Jim Orgonite Towerbuster\" href=\"https:\/\/orgoniseafrica.com\/collections\/buy-orgonite-tactical-orgonite\/products\/orgonite-tb-slick-jim\" target=\"_blank\" rel=\"noopener\">Towerbusters \u00ab Slick Jim<\/a> \u00bb.<\/span><\/p>\n<p>Dimensions : hauteur &#8211; 23 mm, diam\u00e8tre &#8211; 64 mm<br \/>(Ce produit est fabriqu\u00e9 \u00e0 la main et le produit final peut pr\u00e9senter de l\u00e9g\u00e8res variations)<\/p>\n","protected":false},"excerpt":{"rendered":"<p><strong><span style=\"font-family\u00a0: verdana, Geneva\u00a0;font-size\u00a0: medium\">L\u2019Orgonite Towerbuster \u00ab\u00a0Dirty Harry\u00a0\u00bb est le plus polyvalent de tous les Orgonite&#8230;<\/p>\n","protected":false},"featured_media":723,"comment_status":"open","ping_status":"closed","template":"","meta":{"_acf_changed":false},"product_brand":[],"product_cat":[158,149],"product_tag":[],"class_list":{"0":"post-4498","1":"product","2":"type-product","3":"status-publish","4":"has-post-thumbnail","6":"product_cat-ensembles-et-kits-fr","7":"product_cat-orgonite-tactique-fr","8":"sales-flash-overlay","9":"woocommerce-text-align-center","10":"woocommerce-image-align-center","11":"do-quantity-buttons","13":"first","14":"instock","15":"taxable","16":"shipping-taxable","17":"purchasable","18":"product-type-simple"},"acf":[],"_links":{"self":[{"href":"https:\/\/servcrmpro.online\/fr\/wp-json\/wp\/v2\/product\/4498","targetHints":{"allow":["GET"]}}],"collection":[{"href":"https:\/\/servcrmpro.online\/fr\/wp-json\/wp\/v2\/product"}],"about":[{"href":"https:\/\/servcrmpro.online\/fr\/wp-json\/wp\/v2\/types\/product"}],"replies":[{"embeddable":true,"href":"https:\/\/servcrmpro.online\/fr\/wp-json\/wp\/v2\/comments?post=4498"}],"wp:featuredmedia":[{"embeddable":true,"href":"https:\/\/servcrmpro.online\/fr\/wp-json\/wp\/v2\/media\/723"}],"wp:attachment":[{"href":"https:\/\/servcrmpro.online\/fr\/wp-json\/wp\/v2\/media?parent=4498"}],"wp:term":[{"taxonomy":"product_brand","embeddable":true,"href":"https:\/\/servcrmpro.online\/fr\/wp-json\/wp\/v2\/product_brand?post=4498"},{"taxonomy":"product_cat","embeddable":true,"href":"https:\/\/servcrmpro.online\/fr\/wp-json\/wp\/v2\/product_cat?post=4498"},{"taxonomy":"product_tag","embeddable":true,"href":"https:\/\/servcrmpro.online\/fr\/wp-json\/wp\/v2\/product_tag?post=4498"}],"curies":[{"name":"wp","href":"https:\/\/api.w.org\/{rel}","templated":true}]}}