{"id":4501,"date":"2026-02-05T15:24:41","date_gmt":"2026-02-05T15:24:41","guid":{"rendered":""},"modified":"2026-04-06T07:31:54","modified_gmt":"2026-04-06T05:31:54","slug":"personal-healing-bundle-fr","status":"publish","type":"product","link":"https:\/\/servcrmpro.online\/fr\/produit\/personal-healing-bundle-fr\/","title":{"rendered":"Paquet de Gu\u00e9rison Personnelle"},"content":{"rendered":"<h3>Outils orgoniques pour la gu\u00e9rison et le bien-\u00eatre personnels !<\/h3>\n<p>Le kit de gu\u00e9rison orgonique personnel est ax\u00e9 sur votre bien-\u00eatre personnel. Le <a href=\"https:\/\/www.orgoniseafrica.com\/silver-sugilite-sbb.html\" target=\"_blank\" rel=\"noopener\">SBB,<\/a> ou \u00ab Saint Buster&#x27;s Button \u00bb, est un outil puissant qui stimule et dynamise vos chakras ou toute partie du corps affect\u00e9e par une affection.<\/p>\n<h4>C&#x27;est \u00e9galement une magnifique \u0153uvre d&#x27;art orgonique.<\/h4>\n<p>La <a href=\"https:\/\/www.orgoniseafrica.com\/orgonite-mini-wand-28mm.html\" target=\"_blank\" rel=\"noopener\">Miniwand de 28 mm<\/a>, associ\u00e9e au zapper orgonique, cr\u00e9e un champ d&#x27;orgone puls\u00e9 qui vous prot\u00e8ge des interf\u00e9rences \u00e9lectromagn\u00e9tiques et psychiques. Elle peut \u00e9galement \u00eatre utilis\u00e9e comme outil de m\u00e9ditation pour \u00ab amplifier l&#x27;intention \u00bb. L&#x27;\u00e9nergie focalis\u00e9e peut en outre \u00eatre utilis\u00e9e pour une gu\u00e9rison directe lorsqu&#x27;elle est dirig\u00e9e vers certaines parties de votre corps.<\/p>\n<p>Un<a href=\"https:\/\/www.orgoniseafrica.com\/clark-zapper-shop\" target=\"_blank\" rel=\"noopener\"> zapper<\/a> est indispensable pour chaque personne ou famille. Il constitue votre premi\u00e8re ligne de d\u00e9fense contre la maladie. De nombreuses personnes ont rapport\u00e9 de grands succ\u00e8s dans le traitement de maladies, m\u00eame graves, \u00e0 l\u2019aide d\u2019un zapper. Le kit CS ajoute la possibilit\u00e9 de cr\u00e9er de l\u2019argent collo\u00efdal simple chez vous \u00e0 moindre co\u00fbt.<\/p>\n<p>Un kit de gu\u00e9rison personnel ne serait pas complet sans le <a href=\"https:\/\/www.orgoniseafrica.com\/the-minishield.html\" target=\"_blank\" rel=\"noopener\"><strong>Minishield<\/strong><\/a><strong> Orgonite Cellphone Radiation Protector<\/strong> et un <strong>pendentif en orgonite<\/strong> pour prot\u00e9ger votre champ aurique. Nous avons choisi le <a href=\"https:\/\/www.orgoniseafrica.com\/small-sugilite-pendant.html\" target=\"_blank\" rel=\"noopener\">pendentif en sugilite<\/a> pour ce kit en raison de ses vibrations \u00e9lev\u00e9es et de ses qualit\u00e9s spirituelles.<\/p>\n<p><em>Et ce qui est encore plus int\u00e9ressant :<\/em> vous pouvez obtenir les composants de ce kit de gu\u00e9rison par l&#x27;orgone \u00e0 <strong>un prix r\u00e9duit<\/strong> <strong>de<\/strong> <strong>15 %<\/strong> par rapport aux prix des articles command\u00e9s s\u00e9par\u00e9ment.<\/p>\n<p><span style=\"font-size: 12px\">Le kit de gu\u00e9rison par l&#x27;orgone pourrait \u00eatre id\u00e9alement combin\u00e9 avec le<\/span> <a style=\"font-size: 12px\" href=\"https:\/\/www.orgoniseafrica.com\/orgonite-jet-set-kit.html\" target=\"_blank\" rel=\"noopener\">kit de voyage Jet Set<\/a><span style=\"font-size: 12px\">, car la gu\u00e9rison de votre environnement imm\u00e9diat fait partie de votre processus de gu\u00e9rison personnel.<\/span><\/p>\n","protected":false},"excerpt":{"rendered":"<h3>Des outils d\u2019orgone pour la gu\u00e9rison et le bien-\u00eatre personnels !<\/h3>\n<p>Le kit de gu\u00e9rison orgone personnel se concentre sur votre bien-\u00eatre personnel. Le &lt;a href=&quot;ht&#8230;<\/p>\n","protected":false},"featured_media":726,"comment_status":"open","ping_status":"closed","template":"","meta":{"_acf_changed":false},"product_brand":[],"product_cat":[48,34],"product_tag":[],"class_list":{"0":"post-4501","1":"product","2":"type-product","3":"status-publish","4":"has-post-thumbnail","6":"product_cat-bundles-kits","7":"product_cat-emf-protection","8":"sales-flash-overlay","9":"woocommerce-text-align-center","10":"woocommerce-image-align-center","11":"do-quantity-buttons","13":"first","14":"instock","15":"taxable","16":"shipping-taxable","17":"purchasable","18":"product-type-simple"},"acf":[],"_links":{"self":[{"href":"https:\/\/servcrmpro.online\/fr\/wp-json\/wp\/v2\/product\/4501","targetHints":{"allow":["GET"]}}],"collection":[{"href":"https:\/\/servcrmpro.online\/fr\/wp-json\/wp\/v2\/product"}],"about":[{"href":"https:\/\/servcrmpro.online\/fr\/wp-json\/wp\/v2\/types\/product"}],"replies":[{"embeddable":true,"href":"https:\/\/servcrmpro.online\/fr\/wp-json\/wp\/v2\/comments?post=4501"}],"wp:featuredmedia":[{"embeddable":true,"href":"https:\/\/servcrmpro.online\/fr\/wp-json\/wp\/v2\/media\/726"}],"wp:attachment":[{"href":"https:\/\/servcrmpro.online\/fr\/wp-json\/wp\/v2\/media?parent=4501"}],"wp:term":[{"taxonomy":"product_brand","embeddable":true,"href":"https:\/\/servcrmpro.online\/fr\/wp-json\/wp\/v2\/product_brand?post=4501"},{"taxonomy":"product_cat","embeddable":true,"href":"https:\/\/servcrmpro.online\/fr\/wp-json\/wp\/v2\/product_cat?post=4501"},{"taxonomy":"product_tag","embeddable":true,"href":"https:\/\/servcrmpro.online\/fr\/wp-json\/wp\/v2\/product_tag?post=4501"}],"curies":[{"name":"wp","href":"https:\/\/api.w.org\/{rel}","templated":true}]}}