{"id":4504,"date":"2026-02-05T15:24:43","date_gmt":"2026-02-05T15:24:43","guid":{"rendered":""},"modified":"2026-04-06T07:31:54","modified_gmt":"2026-04-06T05:31:54","slug":"orgone-jet-set-bundle-fr","status":"publish","type":"product","link":"https:\/\/servcrmpro.online\/fr\/produit\/orgone-jet-set-bundle-fr\/","title":{"rendered":"Ensemble Orgone Jet Set"},"content":{"rendered":"<h3>Le v\u00e9ritable guerrier de l&#x27;orgone voyage l\u00e9ger !<\/h3>\n<p>Avant de r\u00e9server vos prochaines vacances dans une destination exotique (tous ces endroits ont besoin d\u2019\u00eatre \u00ab offerts \u00bb et de nombreux paradis tropicaux sont en r\u00e9alit\u00e9 des enfers r\u00e9gis par la peur d\u00e8s que vous vous \u00e9cartez des sentiers battus), assurez-vous d\u2019avoir pr\u00e9par\u00e9 le pack du voyageur jet-set.<\/p>\n<p>Il prend environ 6 \u00e0 7 kg dans vos bagages, ce qui correspond \u00e0 peu pr\u00e8s \u00e0 l\u2019espace dont vous aurez besoin pour tous ces souvenirs que vous souhaitez ramener chez vous.<\/p>\n<p>30 TB, 5 Earth Pipes, 3 HHG et 5 petits Dolphin Busters devraient faire la diff\u00e9rence dans les endroits que vous visitez.<\/p>\n<p>Bien s\u00fbr, vous pouvez \u00e9galement utiliser cet assortiment de g\u00e9n\u00e9rateurs d&#x27;orgone dans votre ville natale. Il n&#x27;y a rien de mal \u00e0 cela. Le prix<\/p>\n<p><strong>de<\/strong> ce <strong>pack Tactical Orgonite<\/strong> est <strong>15 % moins cher<\/strong> que si vous achetiez tous les composants s\u00e9par\u00e9ment.<\/p>\n","protected":false},"excerpt":{"rendered":"<h3>Le vrai Guerrier Orgone voyage l\u00e9ger !<\/h3>\n<p>Avant de r\u00e9server vos prochaines vacances dans une destination exotique (tous ces endroits m\u00e9ritent d\u2019\u00eatre offerts et beaucoup&#8230;<\/p>\n","protected":false},"featured_media":728,"comment_status":"open","ping_status":"closed","template":"","meta":{"_acf_changed":false},"product_brand":[],"product_cat":[48],"product_tag":[],"class_list":{"0":"post-4504","1":"product","2":"type-product","3":"status-publish","4":"has-post-thumbnail","6":"product_cat-bundles-kits","7":"sales-flash-overlay","8":"woocommerce-text-align-center","9":"woocommerce-image-align-center","10":"do-quantity-buttons","12":"first","13":"instock","14":"taxable","15":"shipping-taxable","16":"purchasable","17":"product-type-simple"},"acf":[],"_links":{"self":[{"href":"https:\/\/servcrmpro.online\/fr\/wp-json\/wp\/v2\/product\/4504","targetHints":{"allow":["GET"]}}],"collection":[{"href":"https:\/\/servcrmpro.online\/fr\/wp-json\/wp\/v2\/product"}],"about":[{"href":"https:\/\/servcrmpro.online\/fr\/wp-json\/wp\/v2\/types\/product"}],"replies":[{"embeddable":true,"href":"https:\/\/servcrmpro.online\/fr\/wp-json\/wp\/v2\/comments?post=4504"}],"wp:featuredmedia":[{"embeddable":true,"href":"https:\/\/servcrmpro.online\/fr\/wp-json\/wp\/v2\/media\/728"}],"wp:attachment":[{"href":"https:\/\/servcrmpro.online\/fr\/wp-json\/wp\/v2\/media?parent=4504"}],"wp:term":[{"taxonomy":"product_brand","embeddable":true,"href":"https:\/\/servcrmpro.online\/fr\/wp-json\/wp\/v2\/product_brand?post=4504"},{"taxonomy":"product_cat","embeddable":true,"href":"https:\/\/servcrmpro.online\/fr\/wp-json\/wp\/v2\/product_cat?post=4504"},{"taxonomy":"product_tag","embeddable":true,"href":"https:\/\/servcrmpro.online\/fr\/wp-json\/wp\/v2\/product_tag?post=4504"}],"curies":[{"name":"wp","href":"https:\/\/api.w.org\/{rel}","templated":true}]}}