{"id":4507,"date":"2026-02-05T15:24:47","date_gmt":"2026-02-05T15:24:47","guid":{"rendered":""},"modified":"2026-04-06T07:31:54","modified_gmt":"2026-04-06T05:31:54","slug":"essential-orgonite-bundle-fr","status":"publish","type":"product","link":"https:\/\/servcrmpro.online\/fr\/produit\/essential-orgonite-bundle-fr\/","title":{"rendered":"Bundle d\u2019orgonite essentiel"},"content":{"rendered":"<h1>Ne vous contentez pas d&#x27;un orgonite de moindre qualit\u00e9 !<\/h1>\n<p>Consultez mon petit<a title=\"How to get started\" href=\"http:\/\/www.orgoniseafrica.com\/info\/orgonite\/orgonite-how-to-start.html\" rel=\"noopener\" target=\"_blank\"> guide ici <\/a>pour obtenir quelques recommandations de base sur la mani\u00e8re de commencer \u00e0 orgoniser votre maison et votre environnement imm\u00e9diat. Nous vous recommandons de placer un TB d&#x27;orgonite dans chaque coin de votre propri\u00e9t\u00e9 comme premi\u00e8re mesure de protection. Placez-en un directement sur la conduite d&#x27;eau principale, \u00e0 l&#x27;endroit o\u00f9 elle entre dans votre maison ou \u00e0 l&#x27;ext\u00e9rieur. Il a \u00e9t\u00e9 constat\u00e9 que l&#x27;eau courante est aujourd&#x27;hui un vecteur majeur d&#x27;\u00e9nergie n\u00e9gative. Il en va de m\u00eame pour votre tableau \u00e9lectrique principal. Placez-y un TB.<\/p>\n<p>Nous vous recommandons ce lot de 12 TB \u00ab <a title=\"\" href=\"http:\/\/www.orgoniseafrica.com\/orgonite-towerbuster.html\" rel=\"noopener\" target=\"_blank\">Dirty Harry<\/a> \u00bb et 4 TB \u00ab <a title=\"Orgonite TB\" href=\"http:\/\/www.orgoniseafrica.com\/orgonite-towerbusterb-sj.html\" rel=\"noopener\" target=\"_blank\">Slick Jim<\/a> \u00bb afin de vous offrir plusieurs options. Vous devriez absolument neutraliser toutes les antennes-relais de t\u00e9l\u00e9phonie mobile situ\u00e9es dans un rayon de 5 km autour de votre maison afin de les emp\u00eacher de vous nuire. Pour ce faire, il suffit de placer un seul TB \u00e0 proximit\u00e9. Si n\u00e9cessaire, cela reste efficace jusqu\u2019\u00e0 500 m de la tour. Ils peuvent \u00eatre dissimul\u00e9s dans des buissons denses ou du feuillage, ou enterr\u00e9s pour \u00e9viter que des jardiniers trop z\u00e9l\u00e9s ne les enl\u00e8vent.<\/p>\n<p>La version \u00ab Slick Jim \u00bb n\u2019est pas diff\u00e9rente en termes d\u2019effets \u00e9nerg\u00e9tiques, mais nous avons pens\u00e9 en inclure 4 pour les endroits de votre maison o\u00f9 vous souhaitez qu\u2019ils soient plus esth\u00e9tiques.<\/p>\n<p>Placez un TB sur votre t\u00e9l\u00e9viseur, un autre pr\u00e8s des \u00e9crans d\u2019ordinateur. Si vous estimez devoir continuer \u00e0 utiliser un four \u00e0 micro-ondes (ne le faites pas), veuillez en placer un \u00e0 cet endroit. Mieux vaut bannir ce mini-four nucl\u00e9aire de votre sph\u00e8re de vie !<\/p>\n<p>Il transforme votre nourriture en d\u00e9chets radioactifs.<\/p>\n<p>L\u2019<a title=\"Orgonite HHG\" href=\"http:\/\/www.orgoniseafrica.com\/orgonite-hhg.html\" rel=\"noopener\" target=\"_blank\">Orgonite HHG<\/a> est un puissant g\u00e9n\u00e9rateur d\u2019orgone. C\u2019est la pi\u00e8ce ma\u00eetresse de votre petit ensemble. Placez-le dans votre salon ou votre chambre \u00e0 coucher. Le choix vous appartient. Il est tr\u00e8s puissant et aura de toute fa\u00e7on un effet positif sur une zone bien plus vaste que votre maison. Son emplacement n&#x27;est donc pas excessivement critique.<\/p>\n<p>Certaines personnes tr\u00e8s sensibles \u00e0 l&#x27;\u00e9nergie ou certains sourciers sont toutefois capables d&#x27;optimiser l&#x27;effet en pla\u00e7ant l&#x27;orgonite directement sur les lignes de stress g\u00e9opathique (lignes d&#x27;\u00e9nergie n\u00e9gative). Si vous poss\u00e9dez cette capacit\u00e9 ou connaissez une telle personne, vous pouvez obtenir des am\u00e9liorations encore plus significatives. Mais m\u00eame sans un tel r\u00e9glage fin, l&#x27;effet de la pr\u00e9sence d&#x27;orgonite dans et autour de votre maison est consid\u00e9rable.<\/p>\n<p>Chaque famille ou personne devrait poss\u00e9der un <a title=\"Zapper shop\" href=\"http:\/\/www.orgoniseafrica.com\/clark-zapper-shop.html\" rel=\"noopener\" target=\"_blank\">zapper \u00e0 orgone<\/a> comme premi\u00e8re ligne de d\u00e9fense contre la maladie. Le <a title=\"Orgone Zapper Standard\" href=\"http:\/\/www.orgoniseafrica.com\/orgone-zapper-standard.html\" rel=\"noopener\" target=\"_blank\">Zapper \u00e0 Orgone Standard<\/a> est un choix fiable et \u00e9conomique. Vous pouvez opter pour une version sup\u00e9rieure en choisissant le Zapper El Silverado avec ses \u00e9lectrodes en argent.<\/p>\n<p>Enfin, vous devriez \u00e9quiper votre t\u00e9l\u00e9phone d\u2019une protection <a title=\"The Orgonite Minishield\" href=\"http:\/\/www.orgoniseafrica.com\/the-minishield.html\" rel=\"noopener\" target=\"_blank\">Minishield<\/a> en orgonite. D\u00e9couvrez cette exp\u00e9rience que nous avons men\u00e9e sur la mani\u00e8re dont le Minishield modifie l\u2019influence des ondes \u00e9mises par les t\u00e9l\u00e9phones portables sur la croissance des plantes.<\/p>\n<p>Un <a title=\"Small turquoise orgone pendant\" href=\"http:\/\/www.orgoniseafrica.com\/small-turquoise-pendant.html\" rel=\"noopener\" target=\"_blank\">petit pendentif en orgonite<\/a> vous prot\u00e8ge contre les champs d&#x27;\u00e9nergie n\u00e9gative lorsque vous vous d\u00e9placez en ville, qu&#x27;ils soient caus\u00e9s par les CEM ou par une n\u00e9gativit\u00e9 \u00e9motionnelle ou psychique. Ce petit pendentif renforce votre champ bio\u00e9nerg\u00e9tique personnel, \u00e9galement appel\u00e9 \u00ab aura \u00bb.<\/p>\n<p><strong>Et le plus cool dans tout \u00e7a :<\/strong><\/p>\n<p>en achetant ces produits essentiels dans un seul pack, vous b\u00e9n\u00e9ficiez d&#x27;une<strong> r\u00e9duction<\/strong> de <strong>15 %<\/strong> par rapport \u00e0 un achat s\u00e9par\u00e9.<\/p>\n","protected":false},"excerpt":{"rendered":"<h1>Ne cherchez pas moins d\u2019Orgonite !<\/h1>\n<p>Regarde mon petit&lt;a titre=&quot;Comment commencer\u00a0\u00bb href=&quot;http:\/\/www.orgoniseafrica.com\/info\/orgonite\/orgonite-how-to&#8230;<\/p>\n","protected":false},"featured_media":731,"comment_status":"open","ping_status":"closed","template":"","meta":{"_acf_changed":false},"product_brand":[],"product_cat":[48],"product_tag":[],"class_list":{"0":"post-4507","1":"product","2":"type-product","3":"status-publish","4":"has-post-thumbnail","6":"product_cat-bundles-kits","7":"sales-flash-overlay","8":"woocommerce-text-align-center","9":"woocommerce-image-align-center","10":"do-quantity-buttons","12":"first","13":"instock","14":"taxable","15":"shipping-taxable","16":"purchasable","17":"product-type-simple"},"acf":[],"_links":{"self":[{"href":"https:\/\/servcrmpro.online\/fr\/wp-json\/wp\/v2\/product\/4507","targetHints":{"allow":["GET"]}}],"collection":[{"href":"https:\/\/servcrmpro.online\/fr\/wp-json\/wp\/v2\/product"}],"about":[{"href":"https:\/\/servcrmpro.online\/fr\/wp-json\/wp\/v2\/types\/product"}],"replies":[{"embeddable":true,"href":"https:\/\/servcrmpro.online\/fr\/wp-json\/wp\/v2\/comments?post=4507"}],"wp:featuredmedia":[{"embeddable":true,"href":"https:\/\/servcrmpro.online\/fr\/wp-json\/wp\/v2\/media\/731"}],"wp:attachment":[{"href":"https:\/\/servcrmpro.online\/fr\/wp-json\/wp\/v2\/media?parent=4507"}],"wp:term":[{"taxonomy":"product_brand","embeddable":true,"href":"https:\/\/servcrmpro.online\/fr\/wp-json\/wp\/v2\/product_brand?post=4507"},{"taxonomy":"product_cat","embeddable":true,"href":"https:\/\/servcrmpro.online\/fr\/wp-json\/wp\/v2\/product_cat?post=4507"},{"taxonomy":"product_tag","embeddable":true,"href":"https:\/\/servcrmpro.online\/fr\/wp-json\/wp\/v2\/product_tag?post=4507"}],"curies":[{"name":"wp","href":"https:\/\/api.w.org\/{rel}","templated":true}]}}