{"id":4513,"date":"2026-02-05T15:24:56","date_gmt":"2026-02-05T15:24:56","guid":{"rendered":""},"modified":"2026-04-06T07:31:54","modified_gmt":"2026-04-06T05:31:54","slug":"colloidal-silver-kit-1-fr","status":"publish","type":"product","link":"https:\/\/servcrmpro.online\/fr\/produit\/colloidal-silver-kit-1-fr\/","title":{"rendered":"Kit en argent collo\u00efdal &#8211; Ensemble complet"},"content":{"rendered":"<h2>Fabriquez votre propre argent collo\u00efdal !<\/h2>\n<p>L&#x27;argent collo\u00efdal est un rem\u00e8de naturel antibiotique, antiviral et antifongique connu depuis des mill\u00e9naires. Ses utilisations m\u00e9dicinales remontent \u00e0 la Gr\u00e8ce et \u00e0 l&#x27;\u00c9gypte antiques.<\/p>\n<p>M\u00eame le corps m\u00e9dical actuel n&#x27;a pas encore r\u00e9ussi \u00e0 l&#x27;interdire (non pas parce qu&#x27;il n&#x27;a pas essay\u00e9), car ses effets et son utilisation sont si bien prouv\u00e9s et document\u00e9s. L&#x27;argent<\/p>\n<p>collo\u00efdal est vendu en pharmacie et dans les magasins di\u00e9t\u00e9tiques en petites bouteilles \u00e0 des prix relativement \u00e9lev\u00e9s.<\/p>\n<p>Le kit CS se compose de 2 \u00e9lectrodes en argent fin \u00e0 9999. Branch\u00e9 sur votre zapper, il vous permet de produire de l&#x27;argent collo\u00efdal. Il suffit de plonger les \u00e9lectrodes dans un verre d&#x27;eau distill\u00e9e ou filtr\u00e9e et de boire imm\u00e9diatement votre dose quotidienne d&#x27;argent collo\u00efdal. Un compagnon de voyage id\u00e9al.<\/p>\n<p><strong>Non con\u00e7u pour la production de grandes quantit\u00e9s ou un usage commercial.<\/strong><\/p>\n<p>Il s&#x27;agit d&#x27;un appareil personnel et d&#x27;une extension des fonctionnalit\u00e9s du zapper.<br \/>L&#x27;argent collo\u00efdal produit avec cette simple extension peut \u00eatre de qualit\u00e9 inf\u00e9rieure (taille des particules et stabilit\u00e9) \u00e0 celui disponible dans le commerce.<br \/>Nous l&#x27;utilisons cependant depuis des ann\u00e9es avec d&#x27;excellents r\u00e9sultats.<\/p>\n<p>Vous pouvez \u00e9galement utiliser de l&#x27;eau bien filtr\u00e9e et orgonis\u00e9e. Une exposition<br \/>de 20 minutes suffit pour obtenir une concentration suffisante d&#x27;argent dans un verre d&#x27;eau normal (200 ml).<\/p>\n<p><strong>Buvez un verre entier, plut\u00f4t qu&#x27;une cuill\u00e8re \u00e0 caf\u00e9 !<\/strong><\/p>\n<p><em>Dimensions : longueur &#8211; 131 mm, diam\u00e8tre &#8211; 15 mm<\/em><\/p>\n<p><em>Contenu de la livraison : 1 paire d&#x27;\u00e9lectrodes en argent, 1 zapper simple, 1 adaptateur 220 V ou 110 V (US)<\/em><\/p>\n<p><em>Ce produit est fabriqu\u00e9 \u00e0 la main et le produit final peut pr\u00e9senter de l\u00e9g\u00e8res diff\u00e9rences.<\/em><\/p>\n","protected":false},"excerpt":{"rendered":"<h2>Fabriquez votre propre argent collo\u00efdal !<\/h2>\n<p>Le <\/p>\n<p>siver collo\u00efdal est un antibiotique, antiviral et antifongique naturel connu depuis des mill\u00e9naires&#8230;<\/p>\n","protected":false},"featured_media":736,"comment_status":"open","ping_status":"closed","template":"","meta":{"_acf_changed":false},"product_brand":[],"product_cat":[48,103],"product_tag":[],"class_list":{"0":"post-4513","1":"product","2":"type-product","3":"status-publish","4":"has-post-thumbnail","6":"product_cat-bundles-kits","7":"product_cat-silver-shungite","8":"sales-flash-overlay","9":"woocommerce-text-align-center","10":"woocommerce-image-align-center","11":"do-quantity-buttons","13":"first","14":"instock","15":"taxable","16":"shipping-taxable","17":"purchasable","18":"product-type-simple"},"acf":[],"_links":{"self":[{"href":"https:\/\/servcrmpro.online\/fr\/wp-json\/wp\/v2\/product\/4513","targetHints":{"allow":["GET"]}}],"collection":[{"href":"https:\/\/servcrmpro.online\/fr\/wp-json\/wp\/v2\/product"}],"about":[{"href":"https:\/\/servcrmpro.online\/fr\/wp-json\/wp\/v2\/types\/product"}],"replies":[{"embeddable":true,"href":"https:\/\/servcrmpro.online\/fr\/wp-json\/wp\/v2\/comments?post=4513"}],"wp:featuredmedia":[{"embeddable":true,"href":"https:\/\/servcrmpro.online\/fr\/wp-json\/wp\/v2\/media\/736"}],"wp:attachment":[{"href":"https:\/\/servcrmpro.online\/fr\/wp-json\/wp\/v2\/media?parent=4513"}],"wp:term":[{"taxonomy":"product_brand","embeddable":true,"href":"https:\/\/servcrmpro.online\/fr\/wp-json\/wp\/v2\/product_brand?post=4513"},{"taxonomy":"product_cat","embeddable":true,"href":"https:\/\/servcrmpro.online\/fr\/wp-json\/wp\/v2\/product_cat?post=4513"},{"taxonomy":"product_tag","embeddable":true,"href":"https:\/\/servcrmpro.online\/fr\/wp-json\/wp\/v2\/product_tag?post=4513"}],"curies":[{"name":"wp","href":"https:\/\/api.w.org\/{rel}","templated":true}]}}