{"id":4516,"date":"2026-02-05T17:25:00","date_gmt":"2026-02-05T15:25:00","guid":{"rendered":""},"modified":"2026-04-06T07:31:54","modified_gmt":"2026-04-06T05:31:54","slug":"miniwand-28mm-complete-bundle-fr","status":"publish","type":"product","link":"https:\/\/servcrmpro.online\/fr\/produit\/miniwand-28mm-complete-bundle-fr\/","title":{"rendered":"Miniwand 28mm &#8211; Ensemble complet"},"content":{"rendered":"<p><strong><span style=\"font-family: verdana, geneva;font-size: medium\">La Mini-baguette d&#x27;orgonite est votre compagnon de voyage id\u00e9al pour la protection, la m\u00e9ditation et la gu\u00e9rison \u00e9nerg\u00e9tique.<\/span><\/strong><\/p>\n<p><span style=\"font-family: verdana, geneva;font-size: medium\">Toutes nos baguettes en orgonite contiennent un cristal enroul\u00e9 en forme de ruban de M\u00f6bius incrust\u00e9 dans l&#x27;orgonite. C&#x27;est le principe de base. L&#x27;orgonite rend l&#x27;\u00e9nergie intense de ce \u00ab cristal SP \u00bb beaucoup plus douce et puissante, en fonction de sa taille bien s\u00fbr.<\/span><\/p>\n<p><span style=\"font-family: verdana, geneva;font-size: medium\">Cette petite baguette en orgonite tr\u00e8s pratique poss\u00e8de bon nombre des caract\u00e9ristiques de la grande <a title=\"Orgonite Power Wand\" href=\"https:\/\/orgoniseafrica.com\/collections\/what-is-orgonite-orgonite-wiki-pulsed-orgonite-devices\/products\/orgone-pw-deluxe\" target=\"_blank\" rel=\"noopener\">baguette Powerwand<\/a>, mais elle peut \u00eatre tenue d&#x27;une seule main ou transport\u00e9e dans une poche.<\/span><\/p>\n<p><span style=\"font-family: verdana, geneva;font-size: medium\">Id\u00e9ale pour l&#x27;Orgone Guerilla en d\u00e9placement, car elle se glisse facilement dans la poche d&#x27;un manteau ou d&#x27;une veste.<\/span><\/p>\n<p><span style=\"font-family: verdana, geneva;font-size: medium\">Elle contient en son centre un <strong>cristal<\/strong> fin <strong>de 80 \u00e0 120 mm<\/strong> de long, enroul\u00e9 avec 3 \u00e0 4 n\u0153uds de M\u00f6bius. Le cristal est int\u00e9gr\u00e9 dans une matrice d&#x27;orgonite \u00e0 l&#x27;int\u00e9rieur d&#x27;un tube en cuivre de 28 mm. \u00c0 l&#x27;extr\u00e9mit\u00e9 inf\u00e9rieure, une plaque de cuivre assure l&#x27;\u00e9tanch\u00e9it\u00e9.<\/span><\/p>\n<p><span style=\"font-family: verdana, geneva;font-size: medium\"><strong>Utilisez la Mini-baguette d&#x27;Orgonite pour les applications suivantes :<\/strong> <\/span><\/p>\n<p><span style=\"font-family: verdana, geneva;font-size: medium\">&#8211; Gu\u00e9rison<\/span> &#8211; Renforcement &#8211;<br \/><span style=\"font-family: verdana, geneva;font-size: medium\">Manifestation &#8211; Protection<\/span><\/p>\n<p><strong><span style=\"font-family: verdana, geneva;font-size: medium\">Pierres pr\u00e9cieuses suppl\u00e9mentaires :\u00a0<\/span><\/strong><span style=\"font-family: verdana, geneva;font-size: medium\"><\/span><\/p>\n<ul>\n<li>\n<span style=\"font-family: verdana, geneva;font-size: medium\">une am\u00e9thyste de 3 \u00e0 8 mm : favorise la sobri\u00e9t\u00e9 et la concentration, l&#x27;assimilation des exp\u00e9riences et des perceptions<\/span><span style=\"font-family: verdana, geneva;font-size: medium\"><\/span>\n<\/li>\n<li>\n<span style=\"font-family: verdana, geneva;font-size: medium\">Grenat : pers\u00e9v\u00e9rance dans les situations difficiles, esprit communautaire, stimule la libido<\/span><span style=\"font-family: verdana, geneva;font-size: medium\"><\/span>\n<\/li>\n<li><span style=\"font-family: verdana, geneva;font-size: medium\">H\u00e9matite : ancrage, renforce la confiance en soi, soutient le syst\u00e8me cardiovasculaire<\/span><\/li>\n<\/ul>\n<p><span style=\"font-family: verdana, geneva;font-size: medium\">La baguette est gain\u00e9e de cuir pour un toucher et une sensation agr\u00e9ables.<\/span><\/p>\n<p><span style=\"font-family: verdana, geneva;font-size: medium\">La Miniwand est \u00e9quip\u00e9e d&#x27;un c\u00e2ble court muni d&#x27;une fiche qui s&#x27;ins\u00e8re dans la prise situ\u00e9e sur le c\u00f4t\u00e9 de tous nos Zappers.\u00a0<br \/><\/span><\/p>\n<p><span style=\"font-family: verdana, geneva;font-size: medium\">Veuillez choisir ci-dessus l&#x27;option qui vous convient. Si vous poss\u00e9dez d\u00e9j\u00e0 l&#x27;un de nos Zappers, vous pouvez l&#x27;utiliser pour alimenter cette Miniwand. Si vous ne souhaitez pas utiliser de piles, vous pouvez choisir d&#x27;ajouter un Clark Zapper avec un adaptateur pour utiliser le r\u00e9seau \u00e9lectrique (option europ\u00e9enne ou am\u00e9ricaine).<\/span><span style=\"font-family: verdana, geneva;font-size: medium\"><\/span><span style=\"font-family: verdana, geneva;font-size: medium\">\u00a0<\/span><\/p>\n<p><span style=\"font-family: verdana, geneva;font-size: medium\">Dimensions : longueur &#8211; 140 mm, diam\u00e8tre &#8211; 28 mm<br \/>(Ce produit est fabriqu\u00e9 \u00e0 la main et le produit final peut pr\u00e9senter de l\u00e9g\u00e8res variations)<\/span><\/p>\n<div class=\"product-trust-enhancement\" style=\"margin-top: 40px;padding-top: 20px;border-top: 2px solid #eaeaea\">\n<h3>Pourquoi choisir de l&#x27;orgonite authentique ?<\/h3>\n<ul style=\"margin-bottom: 20px\">\n<li><strong>Protection continue :<\/strong> fournit un flux ininterrompu de rayonnement orgonique positif (POR).<\/li>\n<li><strong>Un savoir-faire authentique :<\/strong> fabriqu\u00e9 avec le bon rapport 50\/50 de r\u00e9sine et de m\u00e9taux, et des cristaux de quartz charg\u00e9s.<\/li>\n<li><strong>Bienfaits prouv\u00e9s :<\/strong> neutralise les champs \u00e9lectromagn\u00e9tiques locaux et favorise un environnement \u00e9quilibr\u00e9.<\/li>\n<\/ul>\n<\/div>\n<div style=\"background: #fdfdfd;padding: 15px;border-radius: 8px\">\n<p><strong>Vous souhaitez en savoir plus ?<\/strong> Consultez notre <a href=\"\/en\/orgonite-benefits\/\">guide complet des avantages<\/a> ou lisez notre <a href=\"\/en\/orgonite-buying-guide\/\">guide d&#x27;achat<\/a> pour obtenir plus d&#x27;informations sur les pi\u00e8ces authentiques.<\/p>\n<\/p><\/div>\n<p>{<br \/>\n  &quot;@context&quot;: &quot;https:\/\/schema.org&quot;,<br \/>\n  &quot;@type&quot;: &quot;FAQPage&quot;,<br \/>\n  &quot;mainEntity&quot;: [{<br \/>\n    &quot;@type&quot;: &quot;Question&quot;,<br \/>\n    &quot;name&quot;: &quot;Comment ce produit est-il exp\u00e9di\u00e9 ?&quot;,<br \/>\n    &quot;acceptedAnswer&quot;: {<br \/>\n      &quot;@type&quot;: &quot;Answer&quot;,<br \/>\n      &quot;text&quot;: &quot;Nous exp\u00e9dions dans le monde entier depuis nos installations d\u00e9di\u00e9es en utilisant des services de suivi.&quot;<br \/>\n    }<br \/>\n  }, {<br \/>\n    &quot;@type&quot;: &quot;Question&quot;,<br \/>\n    &quot;name&quot;: &quot;S&#x27;agit-il d&#x27;orgonite authentique ?&quot;,<br \/>\n    &quot;acceptedAnswer&quot;: {<br \/>\n      &quot;@type&quot;: &quot;Answer&quot;,<br \/>\n      &quot;text&quot;: &quot;Oui. Notre orgonite est m\u00e9ticuleusement fabriqu\u00e9e selon les principes originaux de Wilhelm Reich et Don Croft, garantissant un rapport m\u00e9tal\/r\u00e9sine pr\u00e9cis et contenant de v\u00e9ritables cristaux de quartz.&quot;<br \/>\n    }<br \/>\n  }, {<br \/>\n    &quot;@type&quot;: &quot;Question&quot;,<br \/>\n    &quot;name&quot;: &quot;Acceptez-vous les retours ?&quot;,<br \/>\n    &quot;acceptedAnswer&quot;: {<br \/>\n      &quot;@type&quot;: &quot;Answer&quot;,<br \/>\n      &quot;text&quot;: &quot;Oui, nous garantissons nos produits. Veuillez consulter notre politique de remboursement et de retour pour plus de d\u00e9tails.&quot;<br \/>\n    }<br \/>\n  }]<br \/>\n}<\/p>\n","protected":false},"excerpt":{"rendered":"<p><strong><span style=\"font-family\u00a0: verdana, Geneva ;font-size : medium\">La Miniwand Orgonite est votre compagnon de voyage id\u00e9al pour la protection, meditat&#8230;<\/p>\n","protected":false},"featured_media":738,"comment_status":"open","ping_status":"closed","template":"","meta":{"_acf_changed":false},"product_brand":[],"product_cat":[48],"product_tag":[],"class_list":{"0":"post-4516","1":"product","2":"type-product","3":"status-publish","4":"has-post-thumbnail","6":"product_cat-bundles-kits","7":"sales-flash-overlay","8":"woocommerce-text-align-center","9":"woocommerce-image-align-center","10":"do-quantity-buttons","12":"first","13":"instock","14":"taxable","15":"shipping-taxable","16":"purchasable","17":"product-type-simple"},"acf":[],"_links":{"self":[{"href":"https:\/\/servcrmpro.online\/fr\/wp-json\/wp\/v2\/product\/4516","targetHints":{"allow":["GET"]}}],"collection":[{"href":"https:\/\/servcrmpro.online\/fr\/wp-json\/wp\/v2\/product"}],"about":[{"href":"https:\/\/servcrmpro.online\/fr\/wp-json\/wp\/v2\/types\/product"}],"replies":[{"embeddable":true,"href":"https:\/\/servcrmpro.online\/fr\/wp-json\/wp\/v2\/comments?post=4516"}],"wp:featuredmedia":[{"embeddable":true,"href":"https:\/\/servcrmpro.online\/fr\/wp-json\/wp\/v2\/media\/738"}],"wp:attachment":[{"href":"https:\/\/servcrmpro.online\/fr\/wp-json\/wp\/v2\/media?parent=4516"}],"wp:term":[{"taxonomy":"product_brand","embeddable":true,"href":"https:\/\/servcrmpro.online\/fr\/wp-json\/wp\/v2\/product_brand?post=4516"},{"taxonomy":"product_cat","embeddable":true,"href":"https:\/\/servcrmpro.online\/fr\/wp-json\/wp\/v2\/product_cat?post=4516"},{"taxonomy":"product_tag","embeddable":true,"href":"https:\/\/servcrmpro.online\/fr\/wp-json\/wp\/v2\/product_tag?post=4516"}],"curies":[{"name":"wp","href":"https:\/\/api.w.org\/{rel}","templated":true}]}}