{"id":4519,"date":"2026-02-05T17:25:04","date_gmt":"2026-02-05T15:25:04","guid":{"rendered":""},"modified":"2026-04-06T07:31:54","modified_gmt":"2026-04-06T05:31:54","slug":"miniwand-35mm-complete-bundle-fr","status":"publish","type":"product","link":"https:\/\/servcrmpro.online\/fr\/produit\/miniwand-35mm-complete-bundle-fr\/","title":{"rendered":"Miniwand 35mm &#8211; Ensemble complet"},"content":{"rendered":"<p><span style=\"font-family: verdana, geneva;font-size: medium\"><strong>Compagnon de voyage en orgonite puls\u00e9e<\/strong><br \/><\/span><\/p>\n<p><span style=\"font-family: verdana, geneva;font-size: medium\">La mini-baguette en orgonite est votre compagnon de voyage id\u00e9al pour la protection, la m\u00e9ditation et la gu\u00e9rison \u00e9nerg\u00e9tique. Cette mini-baguette de 35 mm est l\u00e9g\u00e8rement plus puissante que sa petite s\u0153ur, la mini-baguette de 28 mm.<\/span><span style=\"font-family: verdana, geneva;font-size: medium\"><\/span><\/p>\n<p><span style=\"font-family: verdana, geneva;font-size: medium\">Toutes nos baguettes en orgonite comportent un cristal enroul\u00e9 en forme de ruban de M\u00f6bius int\u00e9gr\u00e9 dans l&#x27;orgonite. C&#x27;est le principe commun. L&#x27;orgonite rend l&#x27;\u00e9nergie vibrante de ce \u00ab cristal SP \u00bb beaucoup plus douce et plus puissante, en fonction de la taille bien s\u00fbr.<\/span><\/p>\n<p><span style=\"font-family: verdana, geneva;font-size: medium\">Cette petite baguette en orgonite tr\u00e8s pratique poss\u00e8de bon nombre des caract\u00e9ristiques de la grande baguette Powerwand, mais elle peut \u00eatre tenue d&#x27;une seule main ou transport\u00e9e dans la poche.<\/span><\/p>\n<p><span style=\"font-family: verdana, geneva;font-size: medium\">Le cristal mesure environ 100 \u00e0 130 mm de long et est enroul\u00e9 avec 4 \u00e0 5 n\u0153uds de M\u00f6bius.<\/span><\/p>\n<p><span style=\"font-family: verdana, geneva;font-size: medium\">Le cristal est int\u00e9gr\u00e9 dans une matrice d&#x27;orgonite \u00e0 l&#x27;int\u00e9rieur d&#x27;un tube en cuivre de 35 mm coup\u00e9 \u00e0 une longueur de 175 mm (proportion harmonique de 1:5 longueur:diam\u00e8tre). Une plaque de cuivre ferme le bas de la Miniwand.<\/span><\/p>\n<p><span style=\"font-family: verdana, geneva;font-size: medium\">Id\u00e9al pour les \u00ab gu\u00e9rilleros de l&#x27;orgone \u00bb en d\u00e9placement, car il se glisse facilement dans la poche d&#x27;un manteau ou d&#x27;une veste.<\/span><\/p>\n<p><span style=\"font-family: verdana, geneva;font-size: medium\"><strong>Utilisez la Miniwand en orgonite pour les applications suivantes :<\/strong><\/span><\/p>\n<p><span style=\"font-family: verdana, geneva;font-size: medium\">&#8211; Gu\u00e9rison &#8211; Renforcement &#8211; Manifestation<\/span><br \/><span style=\"font-family: verdana, geneva;font-size: medium\">&#8211; Protection<\/span><\/p>\n<p><strong style=\"font-family: verdana, geneva\">Pierres pr\u00e9cieuses suppl\u00e9mentaires :<br \/><\/strong><\/p>\n<ul>\n<li>\n<span style=\"font-family: verdana, geneva;font-size: medium\">une am\u00e9thyste de 3 \u00e0 8 mm : favorise la sobri\u00e9t\u00e9 et la concentration, l&#x27;assimilation des exp\u00e9riences et la perception<\/span><span style=\"font-family: verdana, geneva;font-size: medium\"><\/span>\n<\/li>\n<li><span style=\"font-family: verdana, geneva;font-size: medium\">Grenat : pers\u00e9v\u00e9rance dans les situations difficiles, esprit communautaire, stimule la libido<\/span><\/li>\n<li><span style=\"font-family: verdana, geneva;font-size: medium\">H\u00e9matite : ancrage, renforce la confiance en soi, soutient le syst\u00e8me cardiovasculaire<\/span><\/li>\n<\/ul>\n<p>\u00a0<\/p>\n<p><span style=\"font-family: verdana, geneva;font-size: medium\"><\/span><span style=\"font-family: verdana, geneva;font-size: medium\">La baguette est gain\u00e9e de cuir pour un toucher et une sensation agr\u00e9ables.<\/span><\/p>\n<p><span style=\"font-family: verdana, geneva;font-size: medium\">La Miniwand est \u00e9quip\u00e9e d&#x27;un c\u00e2ble court muni d&#x27;une fiche qui s&#x27;ins\u00e8re dans la prise situ\u00e9e sur le c\u00f4t\u00e9 de tous nos Zappers.\u00a0<br \/><\/span><\/p>\n<p><span style=\"font-family: verdana, geneva;font-size: medium\">Veuillez choisir ci-dessus l&#x27;option qui vous convient. Si vous poss\u00e9dez d\u00e9j\u00e0 l&#x27;un de nos Zappers, vous pouvez l&#x27;utiliser pour alimenter cette Miniwand. Si vous ne souhaitez pas utiliser de piles, vous pouvez choisir d&#x27;ajouter un Clark Zapper avec un adaptateur pour utiliser le r\u00e9seau \u00e9lectrique (option europ\u00e9enne ou am\u00e9ricaine).<\/span><span style=\"font-family: verdana, geneva;font-size: medium\"><\/span><\/p>\n<p><span style=\"font-family: verdana, geneva;font-size: medium\">Dimensions : longueur &#8211; 170 mm, diam\u00e8tre &#8211; 35 mm<br \/>(Ce produit est fabriqu\u00e9 \u00e0 la main et le produit final peut pr\u00e9senter de l\u00e9g\u00e8res variations)<\/span><\/p>\n<div class=\"product-trust-enhancement\" style=\"margin-top: 40px;padding-top: 20px;border-top: 2px solid #eaeaea\">\n<h3>Pourquoi choisir de l&#x27;orgonite authentique ?<\/h3>\n<ul style=\"margin-bottom: 20px\">\n<li><strong>Protection continue :<\/strong> fournit un flux ininterrompu de rayonnement orgonique positif (POR).<\/li>\n<li><strong>Un savoir-faire authentique :<\/strong> fabriqu\u00e9 avec le bon rapport 50\/50 de r\u00e9sine et de m\u00e9taux, et des cristaux de quartz charg\u00e9s.<\/li>\n<li><strong>Bienfaits prouv\u00e9s :<\/strong> neutralise les champs \u00e9lectromagn\u00e9tiques locaux et favorise un environnement \u00e9quilibr\u00e9.<\/li>\n<\/ul>\n<\/div>\n<div style=\"background: #fdfdfd;padding: 15px;border-radius: 8px\">\n<p><strong>Vous souhaitez en savoir plus ?<\/strong> Consultez notre <a href=\"\/en\/orgonite-benefits\/\">guide complet des avantages<\/a> ou lisez notre <a href=\"\/en\/orgonite-buying-guide\/\">guide d&#x27;achat<\/a> pour obtenir plus d&#x27;informations sur les pi\u00e8ces authentiques.<\/p>\n<\/p><\/div>\n<p>{<br \/>\n  &quot;@context&quot;: &quot;https:\/\/schema.org&quot;,<br \/>\n  &quot;@type&quot;: &quot;FAQPage&quot;,<br \/>\n  &quot;mainEntity&quot;: [{<br \/>\n    &quot;@type&quot;: &quot;Question&quot;,<br \/>\n    &quot;name&quot;: &quot;Comment ce produit est-il exp\u00e9di\u00e9 ?&quot;,<br \/>\n    &quot;acceptedAnswer&quot;: {<br \/>\n      &quot;@type&quot;: &quot;Answer&quot;,<br \/>\n      &quot;text&quot;: &quot;Nous exp\u00e9dions dans le monde entier depuis nos installations d\u00e9di\u00e9es en utilisant des services de suivi.&quot;<br \/>\n    }<br \/>\n  }, {<br \/>\n    &quot;@type&quot;: &quot;Question&quot;,<br \/>\n    &quot;name&quot;: &quot;S&#x27;agit-il d&#x27;orgonite authentique ?&quot;,<br \/>\n    &quot;acceptedAnswer&quot;: {<br \/>\n      &quot;@type&quot;: &quot;Answer&quot;,<br \/>\n      &quot;text&quot;: &quot;Oui. Notre orgonite est m\u00e9ticuleusement fabriqu\u00e9e selon les principes originaux de Wilhelm Reich et Don Croft, garantissant un rapport m\u00e9tal\/r\u00e9sine pr\u00e9cis et contenant de v\u00e9ritables cristaux de quartz.&quot;<br \/>\n    }<br \/>\n  }, {<br \/>\n    &quot;@type&quot;: &quot;Question&quot;,<br \/>\n    &quot;name&quot;: &quot;Acceptez-vous les retours ?&quot;,<br \/>\n    &quot;acceptedAnswer&quot;: {<br \/>\n      &quot;@type&quot;: &quot;Answer&quot;,<br \/>\n      &quot;text&quot;: &quot;Oui, nous garantissons nos produits. Veuillez consulter notre politique de remboursement et de retour pour plus de d\u00e9tails.&quot;<br \/>\n    }<br \/>\n  }]<br \/>\n}<\/p>\n","protected":false},"excerpt":{"rendered":"<p><span style=\"font-family\u00a0: verdana, geneve\u00a0;font-size\u00a0: medium\"><strong>Pulsed Orgonite Travel Companion<\/strong><br \/><\/span><\/p>\n<p>&lt;span style=&quot;fon&#8230;<\/p>\n","protected":false},"featured_media":741,"comment_status":"open","ping_status":"closed","template":"","meta":{"_acf_changed":false},"product_brand":[],"product_cat":[48],"product_tag":[],"class_list":{"0":"post-4519","1":"product","2":"type-product","3":"status-publish","4":"has-post-thumbnail","6":"product_cat-bundles-kits","7":"sales-flash-overlay","8":"woocommerce-text-align-center","9":"woocommerce-image-align-center","10":"do-quantity-buttons","12":"first","13":"instock","14":"taxable","15":"shipping-taxable","16":"purchasable","17":"product-type-simple"},"acf":[],"_links":{"self":[{"href":"https:\/\/servcrmpro.online\/fr\/wp-json\/wp\/v2\/product\/4519","targetHints":{"allow":["GET"]}}],"collection":[{"href":"https:\/\/servcrmpro.online\/fr\/wp-json\/wp\/v2\/product"}],"about":[{"href":"https:\/\/servcrmpro.online\/fr\/wp-json\/wp\/v2\/types\/product"}],"replies":[{"embeddable":true,"href":"https:\/\/servcrmpro.online\/fr\/wp-json\/wp\/v2\/comments?post=4519"}],"wp:featuredmedia":[{"embeddable":true,"href":"https:\/\/servcrmpro.online\/fr\/wp-json\/wp\/v2\/media\/741"}],"wp:attachment":[{"href":"https:\/\/servcrmpro.online\/fr\/wp-json\/wp\/v2\/media?parent=4519"}],"wp:term":[{"taxonomy":"product_brand","embeddable":true,"href":"https:\/\/servcrmpro.online\/fr\/wp-json\/wp\/v2\/product_brand?post=4519"},{"taxonomy":"product_cat","embeddable":true,"href":"https:\/\/servcrmpro.online\/fr\/wp-json\/wp\/v2\/product_cat?post=4519"},{"taxonomy":"product_tag","embeddable":true,"href":"https:\/\/servcrmpro.online\/fr\/wp-json\/wp\/v2\/product_tag?post=4519"}],"curies":[{"name":"wp","href":"https:\/\/api.w.org\/{rel}","templated":true}]}}