{"id":4525,"date":"2026-02-05T17:25:09","date_gmt":"2026-02-05T15:25:09","guid":{"rendered":""},"modified":"2026-04-06T07:31:55","modified_gmt":"2026-04-06T05:31:55","slug":"cb-28mm-fr","status":"publish","type":"product","link":"https:\/\/servcrmpro.online\/fr\/produit\/cb-28mm-fr\/","title":{"rendered":"Cloud Buster 28mm"},"content":{"rendered":"<p><span style=\"font-family: verdana, geneva;font-size: medium\">Il s&#x27;agit du <strong>\u00ab Cloud Buster \u00bb<\/strong> classique <strong>en orgonite<\/strong>, tel que con\u00e7u par Don Croft. Il se compose de 6 tubes en cuivre de 28 x 1 800 mm dispos\u00e9s en cercle. Les tubes sont encastr\u00e9s dans un socle en orgonite, enrichi de pierres pr\u00e9cieuses suppl\u00e9mentaires.<\/span><\/p>\n<p><span style=\"font-family: verdana, geneva;font-size: medium\">Chaque tube est obtur\u00e9 \u00e0 l&#x27;extr\u00e9mit\u00e9 encastr\u00e9e et comporte un cristal \u00e0 double terminaison fix\u00e9 \u00e0 sa base.<\/span><\/p>\n<p><span style=\"font-family: verdana, geneva;font-size: medium\">Ces Cloudbusters standard ont \u00e9t\u00e9 fabriqu\u00e9s et test\u00e9s par des milliers de personnes \u00e0 travers le monde, et de nombreuses exp\u00e9riences et retours d&#x27;exp\u00e9rience sont disponibles sur diff\u00e9rents forums. Nous les consid\u00e9rons comme l&#x27;outil le plus puissant et le plus efficace pour la gu\u00e9rison environnementale \u00e0 grande \u00e9chelle \u00e0 l&#x27;aide de l&#x27;orgonite. <\/span><\/p>\n<p><strong><span style=\"font-family: verdana, geneva;font-size: medium\">Les effets typiques rapport\u00e9s sont les suivants :<\/span><\/strong><\/p>\n<p><span style=\"font-family: verdana, geneva;font-size: medium\">&#8211; augmentation des pr\u00e9cipitations dans les zones de s\u00e9cheresse<\/span><\/p>\n<p><span style=\"font-family: verdana, geneva;font-size: medium\">&#8211; une croissance accrue des plantes<\/span><\/p>\n<p><span style=\"font-family: verdana, geneva;font-size: medium\">&#8211; une am\u00e9lioration de la fertilit\u00e9 et de la sant\u00e9 des animaux<\/span><\/p>\n<p><span style=\"font-family: verdana, geneva;font-size: medium\">&#8211; une r\u00e9duction de la pollution, y compris ce que l&#x27;on appelle les \u00ab chemtrails \u00bb<\/span><\/p>\n<p><span style=\"font-family: verdana, geneva;font-size: medium\">&#8211; une am\u00e9lioration g\u00e9n\u00e9rale du champ d&#x27;\u00e9nergie \u00e9th\u00e9rique ambiant, avec une multitude d&#x27;effets sur le mental et la sant\u00e9<\/span><\/p>\n<p><span style=\"font-family: verdana, geneva;font-size: medium\">Selon les niveaux de pollution \u00e9lectromagn\u00e9tique et les conditions \u00e9nerg\u00e9tiques g\u00e9n\u00e9rales, les effets des Cloudbusters standard ont \u00e9t\u00e9 signal\u00e9s comme \u00e9tant perceptibles sur des distances bien sup\u00e9rieures \u00e0 50 km. Combin\u00e9s \u00e0 d&#x27;autres dispositifs en orgonite, quelques CB peuvent r\u00e9tablir un champ d&#x27;orgone sain dans toute une r\u00e9gion ou un petit pays.<\/span><\/p>\n<p><span style=\"font-family: verdana, geneva;font-size: medium\">Nous les avons nous-m\u00eames utilis\u00e9s lors de nos exp\u00e9ditions \u00ab Orgone Gifting \u00bb (<a title=\"Orgone Gifting Expeditions\" href=\"https:\/\/www.orgoniseafrica.com\/orgonite-gifting-safaris\" target=\"_blank\" rel=\"noopener\">en savoir plus ici&#8230;<\/a>), o\u00f9 nous combinons g\u00e9n\u00e9ralement un Cloudbuster avec plusieurs centaines de Towerbusters. Cela s\u2019est av\u00e9r\u00e9 \u00eatre la m\u00e9thode la plus efficace pour dynamiser des pays entiers et inverser les terribles cycles de s\u00e9cheresse.<\/span><\/p>\n<p><span style=\"font-family: verdana, geneva;font-size: medium\">Notre th\u00e9orie est la suivante : tandis que le Cloudbuster agit principalement dans les couches sup\u00e9rieures de l&#x27;atmosph\u00e8re pour orgoniser une tr\u00e8s grande zone, les <a title=\"TowerBuster Dirty Harry\" href=\"https:\/\/www.orgoniseafrica.com\/orgonite-tb-dirty-harry\" target=\"_blank\" rel=\"noopener\">Towerbusters<\/a> assurent la \u00ab couverture au sol \u00bb n\u00e9cessaire en \u00e9tant plac\u00e9s pr\u00e8s de tous les t\u00e9l\u00e9phones portables et des lieux d&#x27;\u00e9nergie n\u00e9gative dans la zone o\u00f9 se trouve le Cloudbuster. <\/span><\/p>\n<p><span style=\"font-family: verdana, geneva;font-size: medium\">Si vous souhaitez vous lancer dans le \u00ab gifting \u00bb \u00e0 grande \u00e9chelle, jetez un \u0153il \u00e0 notre <a title=\"Massive Orgone Starter Kit\" href=\"https:\/\/www.orgoniseafrica.com\/massive-orgone-starter\" target=\"_blank\" rel=\"noopener\">kit de d\u00e9marrage Massive Orgone<\/a> pour obtenir tout le n\u00e9cessaire \u00e0 un prix r\u00e9duit !<\/span><\/p>\n<p>Dimensions : hauteur &#8211; 185 cm, diam\u00e8tre &#8211; 48 cm<br \/>(Ce produit est fabriqu\u00e9 \u00e0 la main et le produit final peut pr\u00e9senter de l\u00e9g\u00e8res variations)<\/p>\n<div class=\"product-trust-enhancement\" style=\"margin-top: 40px;padding-top: 20px;border-top: 2px solid #eaeaea\">\n<h3>Pourquoi choisir de l&#x27;orgonite authentique ?<\/h3>\n<ul style=\"margin-bottom: 20px\">\n<li><strong>Protection continue :<\/strong> fournit un flux ininterrompu de rayonnement orgonique positif (POR).<\/li>\n<li><strong>Un savoir-faire authentique :<\/strong> fabriqu\u00e9 avec le bon rapport 50\/50 de r\u00e9sine et de m\u00e9taux, et des cristaux de quartz charg\u00e9s.<\/li>\n<li><strong>Bienfaits prouv\u00e9s :<\/strong> neutralise les champs \u00e9lectromagn\u00e9tiques locaux et favorise un environnement \u00e9quilibr\u00e9.<\/li>\n<\/ul>\n<div style=\"background: #fdfdfd;padding: 15px;border-radius: 8px\">\n<p><strong>Vous souhaitez en savoir plus ?<\/strong> Consultez notre <a href=\"\/en\/orgonite-benefits\/\">guide complet des bienfaits<\/a> ou lisez notre <a href=\"\/en\/orgonite-buying-guide\/\">guide d&#x27;achat<\/a> pour plus d&#x27;informations sur les pi\u00e8ces authentiques.<\/p>\n<\/p><\/div>\n<\/div>\n<p>{<br \/>\n  &quot;@context&quot;: &quot;https:\/\/schema.org&quot;,<br \/>\n  &quot;@type&quot;: &quot;FAQPage&quot;,<br \/>\n  &quot;mainEntity&quot;: [{<br \/>\n    &quot;@type&quot;: &quot;Question&quot;,<br \/>\n    &quot;name&quot;: &quot;Comment ce produit est-il exp\u00e9di\u00e9 ?&quot;,<br \/>\n    &quot;acceptedAnswer&quot;: {<br \/>\n      &quot;@type&quot;: &quot;Answer&quot;,<br \/>\n      &quot;text&quot;: &quot;Nous exp\u00e9dions dans le monde entier depuis nos installations d\u00e9di\u00e9es en utilisant des services de suivi.&quot;<br \/>\n    }<br \/>\n  }, {<br \/>\n    &quot;@type&quot;: &quot;Question&quot;,<br \/>\n    &quot;name&quot;: &quot;S&#x27;agit-il d&#x27;orgonite authentique ?&quot;,<br \/>\n    &quot;acceptedAnswer&quot;: {<br \/>\n      &quot;@type&quot;: &quot;Answer&quot;,<br \/>\n      &quot;text&quot;: &quot;Oui. Notre orgonite est m\u00e9ticuleusement fabriqu\u00e9e selon les principes originaux de Wilhelm Reich et Don Croft, garantissant un rapport m\u00e9tal\/r\u00e9sine pr\u00e9cis et contenant de v\u00e9ritables cristaux de quartz.&quot;<br \/>\n    }<br \/>\n  }, {<br \/>\n    &quot;@type&quot;: &quot;Question&quot;,<br \/>\n    &quot;name&quot;: &quot;Acceptez-vous les retours ?&quot;,<br \/>\n    &quot;acceptedAnswer&quot;: {<br \/>\n      &quot;@type&quot;: &quot;Answer&quot;,<br \/>\n      &quot;text&quot;: &quot;Oui, nous garantissons nos produits. Veuillez consulter notre politique de remboursement et de retour pour plus de d\u00e9tails.&quot;<br \/>\n    }<br \/>\n  }]<br \/>\n}<\/p>\n","protected":false},"excerpt":{"rendered":"<p><span style=\"font-family\u00a0: verdana, geneve\u00a0;font-size\u00a0: medium\">Ceci est le classique <strong>O<\/strong><strong>rgonite Cloud Buster<\/strong> comme des&#8230;<\/p>\n","protected":false},"featured_media":745,"comment_status":"open","ping_status":"closed","template":"","meta":{"_acf_changed":false},"product_brand":[],"product_cat":[100],"product_tag":[],"class_list":{"0":"post-4525","1":"product","2":"type-product","3":"status-publish","4":"has-post-thumbnail","6":"product_cat-orgonite-cloudbuster","7":"sales-flash-overlay","8":"woocommerce-text-align-center","9":"woocommerce-image-align-center","10":"do-quantity-buttons","12":"first","13":"instock","14":"sale","15":"taxable","16":"shipping-taxable","17":"purchasable","18":"product-type-simple"},"acf":[],"_links":{"self":[{"href":"https:\/\/servcrmpro.online\/fr\/wp-json\/wp\/v2\/product\/4525","targetHints":{"allow":["GET"]}}],"collection":[{"href":"https:\/\/servcrmpro.online\/fr\/wp-json\/wp\/v2\/product"}],"about":[{"href":"https:\/\/servcrmpro.online\/fr\/wp-json\/wp\/v2\/types\/product"}],"replies":[{"embeddable":true,"href":"https:\/\/servcrmpro.online\/fr\/wp-json\/wp\/v2\/comments?post=4525"}],"wp:featuredmedia":[{"embeddable":true,"href":"https:\/\/servcrmpro.online\/fr\/wp-json\/wp\/v2\/media\/745"}],"wp:attachment":[{"href":"https:\/\/servcrmpro.online\/fr\/wp-json\/wp\/v2\/media?parent=4525"}],"wp:term":[{"taxonomy":"product_brand","embeddable":true,"href":"https:\/\/servcrmpro.online\/fr\/wp-json\/wp\/v2\/product_brand?post=4525"},{"taxonomy":"product_cat","embeddable":true,"href":"https:\/\/servcrmpro.online\/fr\/wp-json\/wp\/v2\/product_cat?post=4525"},{"taxonomy":"product_tag","embeddable":true,"href":"https:\/\/servcrmpro.online\/fr\/wp-json\/wp\/v2\/product_tag?post=4525"}],"curies":[{"name":"wp","href":"https:\/\/api.w.org\/{rel}","templated":true}]}}