{"id":4528,"date":"2026-02-05T17:25:12","date_gmt":"2026-02-05T15:25:12","guid":{"rendered":""},"modified":"2026-04-06T07:31:55","modified_gmt":"2026-04-06T05:31:55","slug":"cb28-booster-fr","status":"publish","type":"product","link":"https:\/\/servcrmpro.online\/fr\/produit\/cb28-booster-fr\/","title":{"rendered":"Cloud Buster 28mm + Booster HHG"},"content":{"rendered":"<p>Orgonite Cloud Buster<\/p>\n<p>Il s&#x27;agit du classique Orgonite Cloud Buster con\u00e7u par Don Croft, d\u00e9sormais dot\u00e9 d&#x27;un Booster HHG. Il se compose de 6 tubes de cuivre de 28 x 1800 mm dispos\u00e9s en cercle. Les tubes sont encastr\u00e9s dans une base en orgonite, enrichie de pierres pr\u00e9cieuses suppl\u00e9mentaires, et accompagn\u00e9s de notre nouveau Booster HHG GANS<\/p>\n<p>Chaque tube est obtur\u00e9 \u00e0 l&#x27;extr\u00e9mit\u00e9 encastr\u00e9e et comporte un cristal \u00e0 double terminaison fix\u00e9 \u00e0 sa base.<\/p>\n<p>Ces Cloudbusters standard ont \u00e9t\u00e9 fabriqu\u00e9s et test\u00e9s par des milliers de personnes \u00e0 travers le monde, et de nombreux t\u00e9moignages et retours d&#x27;exp\u00e9rience sont disponibles sur diff\u00e9rents forums. Nous les consid\u00e9rons comme l&#x27;outil le plus puissant et le plus efficace pour la gu\u00e9rison environnementale \u00e0 grande \u00e9chelle \u00e0 l&#x27;aide de l&#x27;orgonite. <\/p>\n<p>Les effets typiquement rapport\u00e9s sont les suivants :<\/p>\n<p>&#8211; augmentation des pr\u00e9cipitations dans les zones de s\u00e9cheresse<\/p>\n<p>&#8211; une croissance accrue des plantes<\/p>\n<p>&#8211; une am\u00e9lioration de la fertilit\u00e9 et de la sant\u00e9 des animaux<\/p>\n<p>&#8211; une r\u00e9duction de la pollution, y compris ce que l&#x27;on appelle les \u00ab chemtrails \u00bb<\/p>\n<p>&#8211; une am\u00e9lioration g\u00e9n\u00e9rale du champ d&#x27;\u00e9nergie \u00e9th\u00e9rique ambiant, avec une multitude d&#x27;effets sur le mental et la sant\u00e9<\/p>\n<p>Selon les niveaux de pollution \u00e9lectromagn\u00e9tique et les conditions \u00e9nerg\u00e9tiques g\u00e9n\u00e9rales, les effets des Cloudbusters standard auraient \u00e9t\u00e9 observ\u00e9s \u00e0 des distances bien sup\u00e9rieures \u00e0 50 km. Associ\u00e9s \u00e0 d&#x27;autres dispositifs en orgonite, quelques CB peuvent r\u00e9tablir un champ d&#x27;orgone sain dans toute une r\u00e9gion ou un petit pays.<\/p>\n<p><strong>Nous avons ajout\u00e9 notre Booster HHG sp\u00e9cial pour les Cloudbusters de 28 mm, am\u00e9lior\u00e9 avec du ZnO-GANS.<\/strong><\/p>\n<p>Ce Booster HHG contient une balle de ping-pong remplie de ZnO GANS (\u00ab GAs in a Nano-State of Solid \u00bb). Cette technologie a \u00e9t\u00e9 d\u00e9velopp\u00e9e par M.V. Keshe. Le ZnO GANS d\u00e9signe les particules de zinc et d\u2019oxyg\u00e8ne contenues dans l\u2019eau, qui sont attir\u00e9es par un champ \u00e9lectromagn\u00e9tique. Ce GANS est tr\u00e8s riche en \u00e9nergie et peut m\u00eame \u00eatre utilis\u00e9 comme source d\u2019\u00e9nergie libre.<\/p>\n<p>Nous l&#x27;utilisons pour donner \u00e0 ces Booster HHG une \u00e9nergie suppl\u00e9mentaire, que nous aimons associer aux Cloudbusters de 28 mm. Nous avons d\u00e9j\u00e0 d\u00e9ploy\u00e9 plusieurs de ces combinaisons \u00e0 travers l&#x27;Afrique du Sud, avec un impact positif consid\u00e9rable sur les pr\u00e9cipitations \u2013 consultez les articles du blog \u00ab No Hour Zero \u00bb pour plus d&#x27;informations \u00e0 ce sujet.<\/p>\n<p>Il vous suffit de glisser ce HHG entre les tubes de votre Cloudbuster pour constater qu&#x27;il amplifie l&#x27;effet. Le Booster HHG peut \u00e9galement \u00eatre utilis\u00e9 seul comme un HHG ultra-puissant \u00e0 l&#x27;int\u00e9rieur de votre maison ou dans votre jardin. Veuillez choisir la variante que vous pr\u00e9f\u00e9rez ci-dessus.<\/p>\n<p>(Ce produit est fabriqu\u00e9 \u00e0 la main et le produit final peut pr\u00e9senter de l\u00e9g\u00e8res diff\u00e9rences)<\/p>\n<div class=\"product-trust-enhancement\" style=\"margin-top: 40px;padding-top: 20px;border-top: 2px solid #eaeaea\">\n<h3>Pourquoi choisir de l&#x27;orgonite authentique ?<\/h3>\n<ul style=\"margin-bottom: 20px\">\n<li><strong>Protection continue :<\/strong> fournit un flux ininterrompu de rayonnement orgonique positif (POR).<\/li>\n<li><strong>Un savoir-faire authentique :<\/strong> fabriqu\u00e9 avec le bon rapport 50\/50 entre la r\u00e9sine et les m\u00e9taux, et des cristaux de quartz charg\u00e9s.<\/li>\n<li><strong>Bienfaits prouv\u00e9s :<\/strong> neutralise les champs \u00e9lectromagn\u00e9tiques locaux et favorise un environnement \u00e9quilibr\u00e9.<\/li>\n<\/ul>\n<div style=\"background: #fdfdfd;padding: 15px;border-radius: 8px\">\n<p><strong>Vous souhaitez en savoir plus ?<\/strong> Consultez notre <a href=\"\/en\/orgonite-benefits\/\">guide complet des bienfaits<\/a> ou lisez notre <a href=\"\/en\/orgonite-buying-guide\/\">guide d&#x27;achat<\/a> pour plus d&#x27;informations sur les pi\u00e8ces authentiques.<\/p>\n<\/p><\/div>\n<\/div>\n<p>{<br \/>\n  &quot;@context&quot;: &quot;https:\/\/schema.org&quot;,<br \/>\n  &quot;@type&quot;: &quot;FAQPage&quot;,<br \/>\n  &quot;mainEntity&quot;: [{<br \/>\n    &quot;@type&quot;: &quot;Question&quot;,<br \/>\n    &quot;name&quot;: &quot;Comment est-ce exp\u00e9di\u00e9 ?&quot;,<br \/>\n    &quot;acceptedAnswer&quot;: {<br \/>\n      &quot;@type&quot;: &quot;Answer&quot;,<br \/>\n      &quot;text&quot;: &quot;Nous exp\u00e9dions dans le monde entier depuis nos installations d\u00e9di\u00e9es en utilisant des services de suivi.&quot;<br \/>\n    }<br \/>\n  }, {<br \/>\n    &quot;@type&quot;: &quot;Question&quot;,<br \/>\n    &quot;name&quot;: &quot;S&#x27;agit-il d&#x27;orgonite authentique ?&quot;,<br \/>\n    &quot;acceptedAnswer&quot;: {<br \/>\n      &quot;@type&quot;: &quot;Answer&quot;,<br \/>\n      &quot;text&quot;: &quot;Oui. Notre orgonite est m\u00e9ticuleusement fabriqu\u00e9e selon les principes originaux de Wilhelm Reich et Don Croft, garantissant un rapport m\u00e9tal\/r\u00e9sine pr\u00e9cis et contenant de v\u00e9ritables cristaux de quartz.&quot;<br \/>\n    }<br \/>\n  }, {<br \/>\n    &quot;@type&quot;: &quot;Question&quot;,<br \/>\n    &quot;name&quot;: &quot;Acceptez-vous les retours ?&quot;,<br \/>\n    &quot;acceptedAnswer&quot;: {<br \/>\n      &quot;@type&quot;: &quot;Answer&quot;,<br \/>\n      &quot;text&quot;: &quot;Oui, nous garantissons nos produits. Veuillez consulter notre politique de remboursement et de retour pour plus de d\u00e9tails.&quot;<br \/>\n    }<br \/>\n  }]<br \/>\n}<\/p>\n","protected":false},"excerpt":{"rendered":"<p>Buteur de Nuages d\u2019Orgonite<\/p>\n<p>Voici le Cloud Buster classique en Orgonite con\u00e7u par Don Croft, d\u00e9sormais avec un booster HHG ajout\u00e9. Il se compose de 6 policiers&#8230;<\/p>\n","protected":false},"featured_media":747,"comment_status":"open","ping_status":"closed","template":"","meta":{"_acf_changed":false},"product_brand":[],"product_cat":[100],"product_tag":[],"class_list":{"0":"post-4528","1":"product","2":"type-product","3":"status-publish","4":"has-post-thumbnail","6":"product_cat-orgonite-cloudbuster","7":"sales-flash-overlay","8":"woocommerce-text-align-center","9":"woocommerce-image-align-center","10":"do-quantity-buttons","12":"first","13":"instock","14":"sale","15":"taxable","16":"shipping-taxable","17":"purchasable","18":"product-type-simple"},"acf":[],"_links":{"self":[{"href":"https:\/\/servcrmpro.online\/fr\/wp-json\/wp\/v2\/product\/4528","targetHints":{"allow":["GET"]}}],"collection":[{"href":"https:\/\/servcrmpro.online\/fr\/wp-json\/wp\/v2\/product"}],"about":[{"href":"https:\/\/servcrmpro.online\/fr\/wp-json\/wp\/v2\/types\/product"}],"replies":[{"embeddable":true,"href":"https:\/\/servcrmpro.online\/fr\/wp-json\/wp\/v2\/comments?post=4528"}],"wp:featuredmedia":[{"embeddable":true,"href":"https:\/\/servcrmpro.online\/fr\/wp-json\/wp\/v2\/media\/747"}],"wp:attachment":[{"href":"https:\/\/servcrmpro.online\/fr\/wp-json\/wp\/v2\/media?parent=4528"}],"wp:term":[{"taxonomy":"product_brand","embeddable":true,"href":"https:\/\/servcrmpro.online\/fr\/wp-json\/wp\/v2\/product_brand?post=4528"},{"taxonomy":"product_cat","embeddable":true,"href":"https:\/\/servcrmpro.online\/fr\/wp-json\/wp\/v2\/product_cat?post=4528"},{"taxonomy":"product_tag","embeddable":true,"href":"https:\/\/servcrmpro.online\/fr\/wp-json\/wp\/v2\/product_tag?post=4528"}],"curies":[{"name":"wp","href":"https:\/\/api.w.org\/{rel}","templated":true}]}}